{"id":2385,"date":"2022-05-25T16:56:01","date_gmt":"2022-05-25T14:56:01","guid":{"rendered":"https:\/\/zwienenberg-n28.sitepilot.cloud\/product\/pavo-basissport-pro\/"},"modified":"2025-06-02T07:28:26","modified_gmt":"2025-06-02T05:28:26","slug":"pavo-basissport-pro","status":"publish","type":"product","link":"https:\/\/zwienenberg-n28.sitepilot.cloud\/de\/product\/pavo-basissport-pro\/","title":{"rendered":"Pavo BasisSport PRO"},"content":{"rendered":"<p><span data-sheets-value=\"{\"1\":2,\"2\":\"Pavo BasisSport Pro is een brok welke speciaal ontwikkeld is voor sportstallen die een krachtvoer\\nwillen voeren voor een scherpe prijs. Het bevat alle voedingsstoffen om, samen met goed ruwvoer, de behoeftes van het (sport-)paard te dekken. \\n\"}\" data-sheets-userformat=\"{\"2\":13185,\"3\":{\"1\":0},\"10\":0,\"11\":4,\"12\":0,\"15\":\"Poppins\",\"16\":10}\">Pavo BasisSport Pro ist ein Pellet, das speziell f\u00fcr Sportst\u00e4lle entwickelt wurde, die ein Kraftfutter zu einem wettbewerbsf\u00e4higen Preis f\u00fcttern m\u00f6chten. Es enth\u00e4lt alle N\u00e4hrstoffe zusammen mit gutem Raufutter, um den Bedarf des (Sport-)Pferdes zu decken.<br \/>\n<\/span><\/p>\n<p><span style=\"font-weight: bold;\" data-sheets-value=\"{\"1\":2,\"2\":\"Belangrijke eigenshappen\"}\" data-sheets-userformat=\"{\"2\":21379,\"3\":{\"1\":0},\"4\":{\"1\":3,\"3\":2},\"10\":0,\"11\":4,\"12\":0,\"15\":\"Poppins\",\"17\":1}\">Wichtig <\/span><b>Eigenschaften<\/b><\/p>\n<p><span data-sheets-value=\"{\"1\":2,\"2\":\"\u2022 8 mm korrel (grote korrel)\\n\u2022 Uitgebalanceerde sport-vitaminering\\n\u2022 Rijk aan vezels \\n\u2022 Laag suiker gehalte\\n\u2022 Scherpe prijs\\n\"}\" data-sheets-userformat=\"{\"2\":13185,\"3\":{\"1\":0},\"10\":0,\"11\":4,\"12\":0,\"15\":\"Poppins\",\"16\":10}\">&#8211; 8 mm Korn (gro\u00dfe Pellets)<br \/>\n&#8211; Ausgewogene Sportvitamine<br \/>\n&#8211; Reich an Ballaststoffen<br \/>\n&#8211; Geringer Zuckergehalt<br \/>\n&#8211; G\u00fcnstiger Preis<br \/>\n<\/span><\/p>\n<p><strong>Anwendung<\/strong><\/p>\n<p><span data-sheets-value=\"{\"1\":2,\"2\":\"\u2022 Sportpaarden die op middelzwaar niveau presteren \\n\u2022 Aanvulling op goed ruwvoer\\n\"}\" data-sheets-userformat=\"{\"2\":13185,\"3\":{\"1\":0},\"10\":0,\"11\":4,\"12\":0,\"15\":\"Poppins\",\"16\":10}\">&#8211; Sportpferde mit mittlerem Leistungsniveau<br \/>\n&#8211; Erg\u00e4nzung zu gutem Raufutter<br \/>\n<\/span><\/p>\n<p><strong>F\u00fctterungshinweise<\/strong><\/p>\n<p><span data-sheets-value=\"{\"1\":2,\"2\":\"Middelzware arbeid: 0,45 kg \/ 100 kg lichaamsgewicht\\n 400 kg lichaamsgewicht: 1,7 kg \/ dag\\n 600 kg lichaamsgewicht: 2,7 kg \/ dag\\nZware arbeid: 0,67 kg \/ 100 kg lichaamsgewicht \\n 400 kg lichaamsgewicht: 2,7 kg \/ dag\\n 600 kg lichaamsgewicht: 4,0 kg \/ dag\\n\"}\" data-sheets-userformat=\"{\"2\":13185,\"3\":{\"1\":0},\"10\":0,\"11\":4,\"12\":0,\"15\":\"Poppins\",\"16\":10}\">Mittlere Arbeit:  <\/span><\/p>\n<p><span data-sheets-value=\"{\"1\":2,\"2\":\"Middelzware arbeid: 0,45 kg \/ 100 kg lichaamsgewicht\\n 400 kg lichaamsgewicht: 1,7 kg \/ dag\\n 600 kg lichaamsgewicht: 2,7 kg \/ dag\\nZware arbeid: 0,67 kg \/ 100 kg lichaamsgewicht \\n 400 kg lichaamsgewicht: 2,7 kg \/ dag\\n 600 kg lichaamsgewicht: 4,0 kg \/ dag\\n\"}\" data-sheets-userformat=\"{\"2\":13185,\"3\":{\"1\":0},\"10\":0,\"11\":4,\"12\":0,\"15\":\"Poppins\",\"16\":10}\">&#8211; 0,45 kg \/ 100 kg K\u00f6rpergewicht<br \/>\n&#8211; 400 kg K\u00f6rpergewicht: 1,7 kg \/ Tag<br \/>\n&#8211; 600 kg K\u00f6rpergewicht: 2,7 kg \/ Tag<br \/>\n<\/span><\/p>\n<p><span data-sheets-value=\"{\"1\":2,\"2\":\"Middelzware arbeid: 0,45 kg \/ 100 kg lichaamsgewicht\\n 400 kg lichaamsgewicht: 1,7 kg \/ dag\\n 600 kg lichaamsgewicht: 2,7 kg \/ dag\\nZware arbeid: 0,67 kg \/ 100 kg lichaamsgewicht \\n 400 kg lichaamsgewicht: 2,7 kg \/ dag\\n 600 kg lichaamsgewicht: 4,0 kg \/ dag\\n\"}\" data-sheets-userformat=\"{\"2\":13185,\"3\":{\"1\":0},\"10\":0,\"11\":4,\"12\":0,\"15\":\"Poppins\",\"16\":10}\">Schwerstarbeit:  <\/span><\/p>\n<p><span data-sheets-value=\"{\"1\":2,\"2\":\"Middelzware arbeid: 0,45 kg \/ 100 kg lichaamsgewicht\\n 400 kg lichaamsgewicht: 1,7 kg \/ dag\\n 600 kg lichaamsgewicht: 2,7 kg \/ dag\\nZware arbeid: 0,67 kg \/ 100 kg lichaamsgewicht \\n 400 kg lichaamsgewicht: 2,7 kg \/ dag\\n 600 kg lichaamsgewicht: 4,0 kg \/ dag\\n\"}\" data-sheets-userformat=\"{\"2\":13185,\"3\":{\"1\":0},\"10\":0,\"11\":4,\"12\":0,\"15\":\"Poppins\",\"16\":10}\">&#8211; 0,67 kg \/ 100 kg K\u00f6rpergewicht<br \/>\n&#8211; 400 kg K\u00f6rpergewicht: 2,7 kg \/ Tag<br \/>\n&#8211; 600 kg K\u00f6rpergewicht: 4,0 kg \/ Tag<\/span><\/p>\n<p><strong>Ratschl\u00e4ge zur Lagerung<\/strong><\/p>\n<p><span data-sheets-value=\"{\"1\":2,\"2\":\"Droog en donker bewaren, maximale houdbaarheid 3 maanden. Denk met name aan omloopsnelheid in de zomermaanden (april \u2013 september).\"}\" data-sheets-userformat=\"{\"2\":13185,\"3\":{\"1\":0},\"10\":0,\"11\":4,\"12\":0,\"15\":\"Poppins\",\"16\":10}\">Trocken und dunkel lagern, maximal 3 Monate haltbar. Beachten Sie insbesondere den Umsatz w\u00e4hrend der Sommermonate (April &#8211; September). <\/span><\/p>\n","protected":false},"excerpt":{"rendered":"<p><strong>Silo-Schuh f\u00fcr Basissportarten mit g\u00fcnstigem Preis-Leistungs-Verh\u00e4ltnis<\/strong><\/p>\n","protected":false},"featured_media":2160,"template":"","meta":{"inline_featured_image":false,"site-sidebar-layout":"default","site-content-layout":"default","ast-global-header-display":"","ast-main-header-display":"","ast-hfb-above-header-display":"","ast-hfb-below-header-display":"","ast-hfb-mobile-header-display":"","site-post-title":"","ast-breadcrumbs-content":"","ast-featured-img":"","footer-sml-layout":"","theme-transparent-header-meta":"default","adv-header-id-meta":"","stick-header-meta":"","header-above-stick-meta":"","header-main-stick-meta":"","header-below-stick-meta":""},"product_brand":[],"product_cat":[59],"product_tag":[],"class_list":{"0":"post-2385","1":"product","2":"type-product","3":"status-publish","4":"has-post-thumbnail","6":"product_cat-allround-de","7":"pa_hoeveelheid-47","8":"pa_hoeveelheid-48","9":"pa_hoeveelheid-49","10":"pa_hoeveelheid-50","11":"pa_hoeveelheid-51","12":"pa_silo-nummer-52","13":"pa_silo-nummer-53","14":"pa_silo-nummer-54","15":"pa_silo-nummer-55","16":"wcpa_has_options","18":"first","19":"instock","20":"shipping-taxable","21":"purchasable","22":"product-type-variable"},"_links":{"self":[{"href":"https:\/\/zwienenberg-n28.sitepilot.cloud\/de\/wp-json\/wp\/v2\/product\/2385","targetHints":{"allow":["GET"]}}],"collection":[{"href":"https:\/\/zwienenberg-n28.sitepilot.cloud\/de\/wp-json\/wp\/v2\/product"}],"about":[{"href":"https:\/\/zwienenberg-n28.sitepilot.cloud\/de\/wp-json\/wp\/v2\/types\/product"}],"wp:featuredmedia":[{"embeddable":true,"href":"https:\/\/zwienenberg-n28.sitepilot.cloud\/de\/wp-json\/wp\/v2\/media\/2160"}],"wp:attachment":[{"href":"https:\/\/zwienenberg-n28.sitepilot.cloud\/de\/wp-json\/wp\/v2\/media?parent=2385"}],"wp:term":[{"taxonomy":"product_brand","embeddable":true,"href":"https:\/\/zwienenberg-n28.sitepilot.cloud\/de\/wp-json\/wp\/v2\/product_brand?post=2385"},{"taxonomy":"product_cat","embeddable":true,"href":"https:\/\/zwienenberg-n28.sitepilot.cloud\/de\/wp-json\/wp\/v2\/product_cat?post=2385"},{"taxonomy":"product_tag","embeddable":true,"href":"https:\/\/zwienenberg-n28.sitepilot.cloud\/de\/wp-json\/wp\/v2\/product_tag?post=2385"}],"curies":[{"name":"wp","href":"https:\/\/api.w.org\/{rel}","templated":true}]}}