{"id":2374,"date":"2022-05-25T15:58:34","date_gmt":"2022-05-25T13:58:34","guid":{"rendered":"https:\/\/zwienenberg-n28.sitepilot.cloud\/product\/pavo-performance-pro-5-mm\/"},"modified":"2025-05-27T16:05:24","modified_gmt":"2025-05-27T14:05:24","slug":"pavo-performance-pro-5-mm","status":"publish","type":"product","link":"https:\/\/zwienenberg-n28.sitepilot.cloud\/de\/product\/pavo-performance-pro-5-mm\/","title":{"rendered":"Pavo Performance PRO 5 mm"},"content":{"rendered":"<p><span data-sheets-value=\"{\"1\":2,\"2\":\"Succes is afhankelijk van aanleg, karakter, training, management \u00e9n een bewuste keuze voor gezonde voeding. Pavo AllSports PRO helpt om je paard in een gezonde sportconditie te brengen en te houden. Verschillende energiebronnen als granen (zetmeel) en oliehoudende zaden zorgen voor de juiste balans tussen snelle en langzame energie. De granen zijn maximaal ontsloten en daardoor zeer goed te verteren. Belangrijke bouwstoffen voor sportpaarden als magnesium, natuurlijke vitamine E en selenium zijn extra toegevoegd in dit product. Je paard is soepeler en heeft een groter uithoudingsvermogen.\"}\" data-sheets-userformat=\"{\"2\":13185,\"3\":{\"1\":0},\"10\":1,\"11\":4,\"12\":0,\"15\":\"Poppins\",\"16\":10}\">Erfolg h\u00e4ngt von Talent, Charakter, Training, Management und einer bewussten Auswahl von gesundem Futter ab. Pavo AllSports PRO hilft, Ihr Pferd in eine gesunde Sportkondition zu bringen und zu halten. Verschiedene Energiequellen wie K\u00f6rner (St\u00e4rke) und \u00d6lsaaten sorgen f\u00fcr das richtige Gleichgewicht zwischen schneller und langsamer Energie. Die K\u00f6rner sind maximal aufgeschlossen und daher sehr leicht verdaulich. Wichtige Bausteine f\u00fcr Sportpferde wie Magnesium, nat\u00fcrliches Vitamin E und Selen sind in diesem Produkt enthalten. Ihr Pferd ist geschmeidiger und hat eine h\u00f6here Ausdauer.     <\/span><\/p>\n<p><strong>Wesentliche Merkmale<\/strong><\/p>\n<p><span data-sheets-value=\"{\"1\":2,\"2\":\"\u2022 Energierijke sportbrok met omega-3 &amp; 6 vetzuren\\n\u2022 Extra magnesium voor verzorging van spieren en gewrichten\\n\u2022 Toegevoegd lijnzaad voor extra glans\\n\u2022 Maximaal ontsloten granen voor een optimale vertering\\n\u2022 Soja met een hoog gehalte aan goed verteerbaar eiwit\\n\"}\" data-sheets-userformat=\"{\"2\":13185,\"3\":{\"1\":0},\"10\":1,\"11\":4,\"12\":0,\"15\":\"Poppins\",\"16\":10}\">&#8211; Energiereiche Sportpellets mit Omega-3- &amp; 6-Fetts\u00e4uren<br \/>\n&#8211; Zus\u00e4tzliches Magnesium f\u00fcr die Pflege von Muskeln und Gelenken<br \/>\n&#8211; Zus\u00e4tzliche Leinsamen f\u00fcr zus\u00e4tzlichen Glanz<br \/>\n&#8211; Maximal aufgel\u00f6ste K\u00f6rner f\u00fcr eine optimale Verdauung<br \/>\n&#8211; Soja mit einem hohen Anteil an hochverdaulichem Protein<br \/>\n<\/span><\/p>\n<p><strong>Anwendung<\/strong><\/p>\n<p><span data-sheets-value=\"{\"1\":2,\"2\":\"\u2022 Zeer geschikt voor alle sportpaarden in alle disciplines\"}\" data-sheets-userformat=\"{\"2\":13185,\"3\":{\"1\":0},\"10\":1,\"11\":4,\"12\":0,\"15\":\"Poppins\",\"16\":10}\">&#8211; Sehr gut geeignet f\u00fcr alle Sportpferde in allen Disziplinen<\/span><\/p>\n<p><strong>F\u00fctterungshinweise<\/strong><\/p>\n<p><span data-sheets-value=\"{\"1\":2,\"2\":\"Middelzware arbeid: 0,33 kg per 100 kg lichaamsgewicht. \\n 400 kg lichaamsgewicht: 1,3 kg \/ dag\\n 600 kg lichaamsgewicht: 2,0 kg \/ dag\\n\\nZware arbeid: 0,45 kg \/ 100 kg lichaamsgewicht \\n400 kg lichaamsgewicht: 1,8 kg \/ dag\\n 600 kg lichaamsgewicht: 2,7 kg \/ dag\\n\"}\" data-sheets-userformat=\"{\"2\":13185,\"3\":{\"1\":0},\"10\":1,\"11\":4,\"12\":0,\"15\":\"Poppins\",\"16\":10}\">Mittlere Arbeit:  <\/span><\/p>\n<p><span data-sheets-value=\"{\"1\":2,\"2\":\"Middelzware arbeid: 0,33 kg per 100 kg lichaamsgewicht. \\n 400 kg lichaamsgewicht: 1,3 kg \/ dag\\n 600 kg lichaamsgewicht: 2,0 kg \/ dag\\n\\nZware arbeid: 0,45 kg \/ 100 kg lichaamsgewicht \\n400 kg lichaamsgewicht: 1,8 kg \/ dag\\n 600 kg lichaamsgewicht: 2,7 kg \/ dag\\n\"}\" data-sheets-userformat=\"{\"2\":13185,\"3\":{\"1\":0},\"10\":1,\"11\":4,\"12\":0,\"15\":\"Poppins\",\"16\":10}\">&#8211; 0,33 kg pro 100 kg K\u00f6rpergewicht.<br \/>\n&#8211; 400 kg K\u00f6rpergewicht: 1,3 kg \/ Tag<br \/>\n&#8211; 600 kg K\u00f6rpergewicht: 2,0 kg \/ Tag<\/p>\n<p>Schwerarbeit:  <\/span><\/p>\n<p><span data-sheets-value=\"{\"1\":2,\"2\":\"Middelzware arbeid: 0,33 kg per 100 kg lichaamsgewicht. \\n 400 kg lichaamsgewicht: 1,3 kg \/ dag\\n 600 kg lichaamsgewicht: 2,0 kg \/ dag\\n\\nZware arbeid: 0,45 kg \/ 100 kg lichaamsgewicht \\n400 kg lichaamsgewicht: 1,8 kg \/ dag\\n 600 kg lichaamsgewicht: 2,7 kg \/ dag\\n\"}\" data-sheets-userformat=\"{\"2\":13185,\"3\":{\"1\":0},\"10\":1,\"11\":4,\"12\":0,\"15\":\"Poppins\",\"16\":10}\">&#8211; 0,45 kg \/ 100 kg K\u00f6rpergewicht<br \/>\n&#8211; 400 kg K\u00f6rpergewicht: 1,8 kg \/ Tag<br \/>\n&#8211; 600 kg K\u00f6rpergewicht: 2,7 kg \/ Tag<br \/>\n<\/span><\/p>\n<p><strong>Ratschl\u00e4ge zur Lagerung<\/strong><\/p>\n<p><span data-sheets-value=\"{\"1\":2,\"2\":\"Droog en donker bewaren, maximale houdbaarheid 3 maanden. Denk met name aan omloopsnelheid in de zomermaanden (april \u2013 september).\"}\" data-sheets-userformat=\"{\"2\":13185,\"3\":{\"1\":0},\"10\":1,\"11\":4,\"12\":0,\"15\":\"Poppins\",\"16\":10}\">Trocken und dunkel lagern, maximal 3 Monate haltbar. Beachten Sie insbesondere den Umsatz w\u00e4hrend der Sommermonate (April &#8211; September). <\/span><\/p>\n","protected":false},"excerpt":{"rendered":"<p><strong>Sportpellets f\u00fcr h\u00f6chste Leistung<\/strong><\/p>\n","protected":false},"featured_media":2165,"template":"","meta":{"inline_featured_image":false,"site-sidebar-layout":"default","site-content-layout":"default","ast-global-header-display":"","ast-main-header-display":"","ast-hfb-above-header-display":"","ast-hfb-below-header-display":"","ast-hfb-mobile-header-display":"","site-post-title":"","ast-breadcrumbs-content":"","ast-featured-img":"","footer-sml-layout":"","theme-transparent-header-meta":"default","adv-header-id-meta":"","stick-header-meta":"","header-above-stick-meta":"","header-main-stick-meta":"","header-below-stick-meta":""},"product_brand":[],"product_cat":[58],"product_tag":[],"class_list":{"0":"post-2374","1":"product","2":"type-product","3":"status-publish","4":"has-post-thumbnail","6":"product_cat-sport-de-2","7":"pa_hoeveelheid-47","8":"pa_hoeveelheid-48","9":"pa_hoeveelheid-49","10":"pa_hoeveelheid-50","11":"pa_hoeveelheid-51","12":"pa_silo-nummer-52","13":"pa_silo-nummer-53","14":"pa_silo-nummer-54","15":"pa_silo-nummer-55","16":"wcpa_has_options","18":"first","19":"instock","20":"shipping-taxable","21":"purchasable","22":"product-type-variable"},"_links":{"self":[{"href":"https:\/\/zwienenberg-n28.sitepilot.cloud\/de\/wp-json\/wp\/v2\/product\/2374","targetHints":{"allow":["GET"]}}],"collection":[{"href":"https:\/\/zwienenberg-n28.sitepilot.cloud\/de\/wp-json\/wp\/v2\/product"}],"about":[{"href":"https:\/\/zwienenberg-n28.sitepilot.cloud\/de\/wp-json\/wp\/v2\/types\/product"}],"wp:featuredmedia":[{"embeddable":true,"href":"https:\/\/zwienenberg-n28.sitepilot.cloud\/de\/wp-json\/wp\/v2\/media\/2165"}],"wp:attachment":[{"href":"https:\/\/zwienenberg-n28.sitepilot.cloud\/de\/wp-json\/wp\/v2\/media?parent=2374"}],"wp:term":[{"taxonomy":"product_brand","embeddable":true,"href":"https:\/\/zwienenberg-n28.sitepilot.cloud\/de\/wp-json\/wp\/v2\/product_brand?post=2374"},{"taxonomy":"product_cat","embeddable":true,"href":"https:\/\/zwienenberg-n28.sitepilot.cloud\/de\/wp-json\/wp\/v2\/product_cat?post=2374"},{"taxonomy":"product_tag","embeddable":true,"href":"https:\/\/zwienenberg-n28.sitepilot.cloud\/de\/wp-json\/wp\/v2\/product_tag?post=2374"}],"curies":[{"name":"wp","href":"https:\/\/api.w.org\/{rel}","templated":true}]}}