{"id":2367,"date":"2022-05-25T15:58:22","date_gmt":"2022-05-25T13:58:22","guid":{"rendered":"https:\/\/zwienenberg-n28.sitepilot.cloud\/product\/pavo-cerevit\/"},"modified":"2025-05-27T15:41:10","modified_gmt":"2025-05-27T13:41:10","slug":"pavo-cerevit","status":"publish","type":"product","link":"https:\/\/zwienenberg-n28.sitepilot.cloud\/de\/product\/pavo-cerevit\/","title":{"rendered":"Pavo Cerevit"},"content":{"rendered":"<div class=\"column is-7\">\n<div class=\"content\">\n<div class=\"column is-7\">\n<div class=\"content\">\n<p><strong>\u00dcber Pavo Cerevit<\/strong><\/p>\n<p>Pavo Cerevit <em>ist<\/em> ein vollst\u00e4ndiges, haferfreies Basism\u00fcsli, das f\u00fcr alle Arten von Pferden und Ponys geeignet ist, die leichte Arbeit leisten. Das Pavo Cerevit M\u00fcsli enth\u00e4lt zus\u00e4tzliche &#8222;Fasern&#8220; in Form von Alfalfa-H\u00e4cksel und speziellen High Fibre-Brocken, die haupts\u00e4chlich aus Dinkelspelzen bestehen. Dies verleiht dem M\u00fcsli eine zus\u00e4tzliche Struktur. Dies hat den Vorteil, dass Ihr Pferd l\u00e4nger an seiner Pavo Cerevit Mahlzeit verweilt, mehr kauen muss und somit mehr Speichel produziert. Pavo Cerevit besteht aus Gerste und Maisflocken und ist sehr schmackhaft f\u00fcr Pferde. Au\u00dferdem enth\u00e4lt es alle wichtigen Vitamine, Mineralien und Spurenelemente, um Ihr Pferd gesund zu halten, und das Preis-Leistungs-Verh\u00e4ltnis ist sehr g\u00fcnstig.     <\/p>\n<p><strong>Auch in der BigBox erh\u00e4ltlich<\/strong> Pavo Cerevit ist auch in der BigBox erh\u00e4ltlich: die ideale Gro\u00dfpackung, wenn 5 bis 10 Pferde mit der gleichen Art von Kraftfutter gef\u00fcttert werden. Die Pavo BigBox ist viel g\u00fcnstiger als Sackfutter und wird einfach zu Ihnen nach Hause oder in den Stall geliefert. Sehen Sie sich hier <a href=\"https:\/\/www.pavo.nl\/bigbox\">alle Vorteile einer BigBox an.<\/a>  <\/p>\n<\/div>\n<\/div>\n<div class=\"column is-5\">\n<h2>Wesentliche Merkmale<\/h2>\n<div class=\"content\">\n<ul>\n<li>Komplettes Grundm\u00fcsli<\/li>\n<li>Mit Gerste und Maisflocken Haferfrei<\/li>\n<li>Enth\u00e4lt alle wichtigen Vitamine und Mineralien<\/li>\n<li>G\u00fcnstiges Preis-Qualit\u00e4ts-Verh\u00e4ltnis<\/li>\n<\/ul>\n<\/div>\n<h2>Anwendung<\/h2>\n<div class=\"content\">\n<ul>\n<li>F\u00fcr alle Arten von Pferden und Ponys<\/li>\n<li>Bei leichter Arbeit<\/li>\n<\/ul>\n<\/div>\n<\/div>\n<\/div>\n<\/div>\n","protected":false},"excerpt":{"rendered":"<div class=\"product-tile__usps\">\n<ul>\n<li><span title=\"Haferfreies Basis-M\u00fcsli\">Haferfreies Basis-M\u00fcsli<\/span><\/li>\n<li><span title=\"Mit Gerste und Maisflocken\">Mit Gerste und Maisflocken<\/span><\/li>\n<li><span title=\"Alle wichtigen Vitamine und Mineralien\">Alle wichtigen Vitamine und Mineralien<\/span><\/li>\n<\/ul>\n<\/div>\n","protected":false},"featured_media":2161,"template":"","meta":{"inline_featured_image":false,"site-sidebar-layout":"default","site-content-layout":"default","ast-global-header-display":"","ast-main-header-display":"","ast-hfb-above-header-display":"","ast-hfb-below-header-display":"","ast-hfb-mobile-header-display":"","site-post-title":"","ast-breadcrumbs-content":"","ast-featured-img":"","footer-sml-layout":"","theme-transparent-header-meta":"default","adv-header-id-meta":"","stick-header-meta":"","header-above-stick-meta":"","header-main-stick-meta":"","header-below-stick-meta":""},"product_brand":[],"product_cat":[59],"product_tag":[],"class_list":{"0":"post-2367","1":"product","2":"type-product","3":"status-publish","4":"has-post-thumbnail","6":"product_cat-allround-de","7":"pa_hoeveelheid-47","8":"pa_hoeveelheid-48","9":"pa_hoeveelheid-49","10":"pa_hoeveelheid-50","11":"pa_hoeveelheid-51","12":"pa_silo-nummer-52","13":"pa_silo-nummer-53","14":"pa_silo-nummer-54","15":"pa_silo-nummer-55","16":"wcpa_has_options","18":"first","19":"instock","20":"shipping-taxable","21":"purchasable","22":"product-type-variable"},"_links":{"self":[{"href":"https:\/\/zwienenberg-n28.sitepilot.cloud\/de\/wp-json\/wp\/v2\/product\/2367","targetHints":{"allow":["GET"]}}],"collection":[{"href":"https:\/\/zwienenberg-n28.sitepilot.cloud\/de\/wp-json\/wp\/v2\/product"}],"about":[{"href":"https:\/\/zwienenberg-n28.sitepilot.cloud\/de\/wp-json\/wp\/v2\/types\/product"}],"wp:featuredmedia":[{"embeddable":true,"href":"https:\/\/zwienenberg-n28.sitepilot.cloud\/de\/wp-json\/wp\/v2\/media\/2161"}],"wp:attachment":[{"href":"https:\/\/zwienenberg-n28.sitepilot.cloud\/de\/wp-json\/wp\/v2\/media?parent=2367"}],"wp:term":[{"taxonomy":"product_brand","embeddable":true,"href":"https:\/\/zwienenberg-n28.sitepilot.cloud\/de\/wp-json\/wp\/v2\/product_brand?post=2367"},{"taxonomy":"product_cat","embeddable":true,"href":"https:\/\/zwienenberg-n28.sitepilot.cloud\/de\/wp-json\/wp\/v2\/product_cat?post=2367"},{"taxonomy":"product_tag","embeddable":true,"href":"https:\/\/zwienenberg-n28.sitepilot.cloud\/de\/wp-json\/wp\/v2\/product_tag?post=2367"}],"curies":[{"name":"wp","href":"https:\/\/api.w.org\/{rel}","templated":true}]}}