{"id":2307,"date":"2022-07-19T17:55:04","date_gmt":"2022-07-19T15:55:04","guid":{"rendered":"https:\/\/zwienenberg-n28.sitepilot.cloud\/product\/pavo-podo-wachsen\/"},"modified":"2025-06-13T11:11:35","modified_gmt":"2025-06-13T09:11:35","slug":"pavo-podo-wachsen","status":"publish","type":"product","link":"https:\/\/zwienenberg-n28.sitepilot.cloud\/de\/product\/pavo-podo-wachsen\/","title":{"rendered":"Pavo Podo Grow"},"content":{"rendered":"<div class=\"column is-7\">\n<div class=\"content\">\n<div class=\"column is-7\">\n<div class=\"content\">\n<div class=\"column is-7\">\n<div class=\"content\">\n<p><strong>\u00dcber Pavo Podo\u00aeGrow<\/strong><\/p>\n<p>Pavo Podo\u00aeGrow ist das Spitzenfutter f\u00fcr die Entwicklung Ihres abgesetzten Fohlens bis zum dritten Lebensjahr. Es sorgt f\u00fcr eine optimale Abh\u00e4rtung des Knochenbaus und unterst\u00fctzt die Pflege von Sehnen und Gelenken, die Grundlage f\u00fcr eine starke Beinarbeit im sp\u00e4teren Leben. <\/p>\n<p>Siehe auch <a href=\"https:\/\/www.pavo.nl\/producten\/pavo-podolac\">Schritt 1 (Podo\u00aeLac)<\/a> und <a href=\"https:\/\/www.pavo.nl\/fokkerij\/producten\/pavo-podostart\">Schritt 2 (Podo\u00aeStart)<\/a> unseres Podo\u00aeKonzepts. <a href=\"https:\/\/www.pavo.nl\/supplementen\/producten\/pavo-podocare\">Pavo Podo\u00aeCare<\/a> (Pellets) oder <a href=\"https:\/\/www.pavo.nl\/producten\/pavo-podocare-liquid\">Pavo Podo\u00aeCare Liquid<\/a> (Paste), Nahrungserg\u00e4nzungsmittel f\u00fcr junge Fohlen bis zu einem Alter von 24 Monaten.<\/p>\n<p><strong>Auch in der BigBox erh\u00e4ltlich<\/strong><\/p>\n<p>Pavo Podo\u00aeGrow ist auch in der BigBox erh\u00e4ltlich: die ideale Gro\u00dfpackung, wenn zwischen 5 und 10 Pferde die gleiche Art von Kraftfutter erhalten. Die Pavo BigBox ist viel g\u00fcnstiger als Sackfutter und wird einfach zu Ihnen nach Hause oder in den Stall geliefert. Sehen Sie sich hier <a href=\"https:\/\/www.pavo.nl\/bigbox\">alle Vorteile einer BigBox<\/a> an.  <\/p>\n<\/div>\n<\/div>\n<div class=\"column is-5\">\n<h2>Wesentliche Merkmale<\/h2>\n<div class=\"content\">\n<ul>\n<li>Enth\u00e4lt das bew\u00e4hrte Podo\u00ae-Konzept f\u00fcr starke Knochen<\/li>\n<li>Mit zus\u00e4tzlichen essentiellen Aminos\u00e4uren<\/li>\n<li>Magnesium, Kalzium und Phosphor im richtigen Verh\u00e4ltnis f\u00fcr das wachsende Pferd<\/li>\n<li>Unterst\u00fctzt eine ausgewogene Knochenentwicklung<\/li>\n<\/ul>\n<\/div>\n<h2>Anwendung<\/h2>\n<div class=\"content\">\n<ul>\n<li>F\u00fcr junge Pferde im Alter von 8 bis 30 Monaten.<\/li>\n<li>Pavo Podo\u00ae Grow, Schritt 3 auf dem Weg des Fohlens zu einem gesunden Erwachsenenleben.<\/li>\n<\/ul>\n<\/div>\n<\/div>\n<\/div>\n<\/div>\n<\/div>\n<\/div>\n","protected":false},"excerpt":{"rendered":"<ul>\n<li><span title=\"F\u00fcr junge Pferde bis zu 2,5 Jahren\">F\u00fcr junge Pferde bis zu 2,5 Jahren<\/span><\/li>\n<li><span title=\"Mit bew\u00e4hrtem Podo-Konzept\">Mit bew\u00e4hrtem Podo-Konzept<\/span><\/li>\n<li><span title=\"Unterst\u00fctzt gleichm\u00e4\u00dfige Entwicklung\">Unterst\u00fctzt gleichm\u00e4\u00dfige Entwicklung<\/span><\/li>\n<\/ul>\n","protected":false},"featured_media":2167,"template":"","meta":{"inline_featured_image":false,"site-sidebar-layout":"default","site-content-layout":"default","ast-global-header-display":"","ast-main-header-display":"","ast-hfb-above-header-display":"","ast-hfb-below-header-display":"","ast-hfb-mobile-header-display":"","site-post-title":"","ast-breadcrumbs-content":"","ast-featured-img":"","footer-sml-layout":"","theme-transparent-header-meta":"default","adv-header-id-meta":"","stick-header-meta":"","header-above-stick-meta":"","header-main-stick-meta":"","header-below-stick-meta":""},"product_brand":[],"product_cat":[56],"product_tag":[],"class_list":{"0":"post-2307","1":"product","2":"type-product","3":"status-publish","4":"has-post-thumbnail","6":"product_cat-zucht","7":"pa_hoeveelheid-47","8":"pa_hoeveelheid-48","9":"pa_hoeveelheid-49","10":"pa_hoeveelheid-50","11":"pa_hoeveelheid-51","12":"pa_silo-nummer-52","13":"pa_silo-nummer-53","14":"pa_silo-nummer-54","15":"pa_silo-nummer-55","17":"first","18":"instock","19":"shipping-taxable","20":"product-type-variable"},"_links":{"self":[{"href":"https:\/\/zwienenberg-n28.sitepilot.cloud\/de\/wp-json\/wp\/v2\/product\/2307","targetHints":{"allow":["GET"]}}],"collection":[{"href":"https:\/\/zwienenberg-n28.sitepilot.cloud\/de\/wp-json\/wp\/v2\/product"}],"about":[{"href":"https:\/\/zwienenberg-n28.sitepilot.cloud\/de\/wp-json\/wp\/v2\/types\/product"}],"wp:featuredmedia":[{"embeddable":true,"href":"https:\/\/zwienenberg-n28.sitepilot.cloud\/de\/wp-json\/wp\/v2\/media\/2167"}],"wp:attachment":[{"href":"https:\/\/zwienenberg-n28.sitepilot.cloud\/de\/wp-json\/wp\/v2\/media?parent=2307"}],"wp:term":[{"taxonomy":"product_brand","embeddable":true,"href":"https:\/\/zwienenberg-n28.sitepilot.cloud\/de\/wp-json\/wp\/v2\/product_brand?post=2307"},{"taxonomy":"product_cat","embeddable":true,"href":"https:\/\/zwienenberg-n28.sitepilot.cloud\/de\/wp-json\/wp\/v2\/product_cat?post=2307"},{"taxonomy":"product_tag","embeddable":true,"href":"https:\/\/zwienenberg-n28.sitepilot.cloud\/de\/wp-json\/wp\/v2\/product_tag?post=2307"}],"curies":[{"name":"wp","href":"https:\/\/api.w.org\/{rel}","templated":true}]}}