{"id":2306,"date":"2021-12-31T08:13:30","date_gmt":"2021-12-31T07:13:30","guid":{"rendered":"https:\/\/zwienenberg-n28.sitepilot.cloud\/product\/pavo-balance-pro\/"},"modified":"2025-05-27T15:33:46","modified_gmt":"2025-05-27T13:33:46","slug":"pavo-balance-pro","status":"publish","type":"product","link":"https:\/\/zwienenberg-n28.sitepilot.cloud\/de\/product\/pavo-balance-pro\/","title":{"rendered":"Pavo Balance PRO"},"content":{"rendered":"<p><span data-sheets-value=\"{\"1\":2,\"2\":\"Pavo Balance Pro is een sportbrok met een hoog gehalte aan snel vrijkomende energie, met name afkomstig is uit suiker en zetmeel (38%). Daarnaast is het vitaminen- en sporenelement gehalte erg hoog waardoor o.a. de spierfunctie optimaal ondersteund wordt. Pavo Balance Pro is uitermate geschikt voor springpaarden, maar ook voor gemengde stallen waar, naast goede kwaliteit ruwvoer, weinig krachtvoer wordt gegeven. Dankzij de hoge gehaltes aan eiwit (11%) en lysine (4,2 g\/kg) en een gebalancerde Ca\/P-verhouding (2,5\/1) is deze brok eveneens inzetbaar voor jonge paarden in de opfok.\"}\" data-sheets-userformat=\"{\"2\":13185,\"3\":{\"1\":0},\"10\":0,\"11\":4,\"12\":0,\"15\":\"Poppins\",\"16\":10}\">Pavo Balance Pro ist ein Sportpellet mit einem hohen Gehalt an schnell freigesetzter Energie, haupts\u00e4chlich aus Zucker und St\u00e4rke (38%). Au\u00dferdem ist der Gehalt an Vitaminen und Spurenelementen sehr hoch, so dass u.a. die Muskelfunktion optimal unterst\u00fctzt wird. Pavo Balance Pro eignet sich hervorragend f\u00fcr Springpferde, aber auch f\u00fcr gemischte St\u00e4lle, in denen neben hochwertigem Raufutter wenig Kraftfutter gegeben wird. Dank des hohen Gehalts an Eiwei\u00df (11%) und Lysin (4,2 g\/kg) und eines ausgewogenen Ca\/P-Verh\u00e4ltnisses (2,5\/1) kann dieses Pellet auch f\u00fcr junge Pferde in der Aufzucht verwendet werden.   <\/span><\/p>\n<p><strong>Wesentliche Merkmale<\/strong><\/p>\n<p><span data-sheets-value=\"{\"1\":2,\"2\":\"\u2022 Rijk aan snel vrijkomende energie \\n\u2022 Bevat hoog aandeel antioxidanten \\n\u2022 Hoog eiwitgehalte \\n\"}\" data-sheets-userformat=\"{\"2\":13185,\"3\":{\"1\":0},\"10\":0,\"11\":4,\"12\":0,\"15\":\"Poppins\",\"16\":10}\">&#8211; Reich an schnell verf\u00fcgbarer Energie<br \/>\n&#8211; Enth\u00e4lt einen hohen Anteil an Antioxidantien<br \/>\n&#8211; Hoher Proteingehalt<br \/>\n<\/span><\/p>\n<p><strong>Anwendung<\/strong><\/p>\n<p><span data-sheets-value=\"{\"1\":2,\"2\":\"\u2022 Springpaarden\\n\u2022 Kortstondige inspanningen (zoals springen)\\n\u2022 Ook geschikt om in lagere hoeveelheden aan andere paarden te voeren. Hierdoor is Pavo Balance Pro geschikt voor gemengde stallen. \\n\"}\" data-sheets-userformat=\"{\"2\":13185,\"3\":{\"1\":0},\"10\":0,\"11\":4,\"12\":0,\"15\":\"Poppins\",\"16\":10}\">&#8211; Springpferde<br \/>\n&#8211; Kurzfristige Anstrengungen (z.B. Springen)<br \/>\n&#8211; Auch f\u00fcr die F\u00fctterung in geringeren Mengen an andere Pferde geeignet. Dadurch ist Pavo Balance Pro auch f\u00fcr gemischte St\u00e4lle geeignet.<br \/>\n<\/span><\/p>\n<p><strong>F\u00fctterungshinweise<\/strong><\/p>\n<p><span data-sheets-value=\"{\"1\":2,\"2\":\"Gemiddeld advies: 0,33 kg per 100 kg lichaamsgewicht. \\n 400 kg lichaamsgewicht: 1,3 kg \/ dag\\n 600 kg lichaamsgewicht: 2,0 kg \/ dag\\nBenodigde hoeveelheid hangt af van o.a. weidegang en ruwvoergift (en conditie).\\n\"}\" data-sheets-userformat=\"{\"2\":13185,\"3\":{\"1\":0},\"10\":0,\"11\":4,\"12\":0,\"15\":\"Poppins\",\"16\":10}\">Durchschnittliche Ratschl\u00e4ge:  <\/span><\/p>\n<p><span data-sheets-value=\"{\"1\":2,\"2\":\"Gemiddeld advies: 0,33 kg per 100 kg lichaamsgewicht. \\n 400 kg lichaamsgewicht: 1,3 kg \/ dag\\n 600 kg lichaamsgewicht: 2,0 kg \/ dag\\nBenodigde hoeveelheid hangt af van o.a. weidegang en ruwvoergift (en conditie).\\n\"}\" data-sheets-userformat=\"{\"2\":13185,\"3\":{\"1\":0},\"10\":0,\"11\":4,\"12\":0,\"15\":\"Poppins\",\"16\":10}\">&#8211; 0,33 kg pro 100 kg K\u00f6rpergewicht.<br \/>\n&#8211; 400 kg K\u00f6rpergewicht: 1,3 kg \/ Tag<br \/>\n&#8211; 600 kg K\u00f6rpergewicht: 2,0 kg \/ Tag<br \/>\n<\/span><\/p>\n<p><span data-sheets-value=\"{\"1\":2,\"2\":\"Gemiddeld advies: 0,33 kg per 100 kg lichaamsgewicht. \\n 400 kg lichaamsgewicht: 1,3 kg \/ dag\\n 600 kg lichaamsgewicht: 2,0 kg \/ dag\\nBenodigde hoeveelheid hangt af van o.a. weidegang en ruwvoergift (en conditie).\\n\"}\" data-sheets-userformat=\"{\"2\":13185,\"3\":{\"1\":0},\"10\":0,\"11\":4,\"12\":0,\"15\":\"Poppins\",\"16\":10}\">Die erforderliche Menge h\u00e4ngt unter anderem von der Beweidung und dem Futter (und dessen Zustand) ab.<br \/>\n<\/span><\/p>\n<p><strong>Ratschl\u00e4ge zur Lagerung<\/strong><\/p>\n<p><span data-sheets-value=\"{\"1\":2,\"2\":\"Droog en donker bewaren, maximale houdbaarheid 3 maanden. Denk met name aan omloopsnelheid in de zomermaanden (april \u2013 september).\"}\" data-sheets-userformat=\"{\"2\":13185,\"3\":{\"1\":0},\"10\":0,\"11\":4,\"12\":0,\"15\":\"Poppins\",\"16\":10}\">Trocken und dunkel lagern, maximal 3 Monate haltbar. Beachten Sie insbesondere den Umsatz w\u00e4hrend der Sommermonate (April &#8211; September). <\/span><\/p>\n","protected":false},"excerpt":{"rendered":"<p><strong>Ideales Sportfutter f\u00fcr Springpferde  <\/strong><\/p>\n","protected":false},"featured_media":0,"template":"","meta":{"inline_featured_image":false,"site-sidebar-layout":"default","site-content-layout":"default","ast-global-header-display":"","ast-main-header-display":"","ast-hfb-above-header-display":"","ast-hfb-below-header-display":"","ast-hfb-mobile-header-display":"","site-post-title":"","ast-breadcrumbs-content":"","ast-featured-img":"","footer-sml-layout":"","theme-transparent-header-meta":"default","adv-header-id-meta":"","stick-header-meta":"","header-above-stick-meta":"","header-main-stick-meta":"","header-below-stick-meta":""},"product_brand":[],"product_cat":[59],"product_tag":[],"class_list":{"0":"post-2306","1":"product","2":"type-product","3":"status-publish","5":"product_cat-allround-de","6":"pa_hoeveelheid-47","7":"pa_hoeveelheid-48","8":"pa_hoeveelheid-49","9":"pa_hoeveelheid-50","10":"pa_hoeveelheid-51","11":"pa_silo-nummer-52","12":"pa_silo-nummer-53","13":"pa_silo-nummer-54","14":"pa_silo-nummer-55","15":"wcpa_has_options","17":"first","18":"instock","19":"shipping-taxable","20":"purchasable","21":"product-type-variable"},"_links":{"self":[{"href":"https:\/\/zwienenberg-n28.sitepilot.cloud\/de\/wp-json\/wp\/v2\/product\/2306","targetHints":{"allow":["GET"]}}],"collection":[{"href":"https:\/\/zwienenberg-n28.sitepilot.cloud\/de\/wp-json\/wp\/v2\/product"}],"about":[{"href":"https:\/\/zwienenberg-n28.sitepilot.cloud\/de\/wp-json\/wp\/v2\/types\/product"}],"wp:attachment":[{"href":"https:\/\/zwienenberg-n28.sitepilot.cloud\/de\/wp-json\/wp\/v2\/media?parent=2306"}],"wp:term":[{"taxonomy":"product_brand","embeddable":true,"href":"https:\/\/zwienenberg-n28.sitepilot.cloud\/de\/wp-json\/wp\/v2\/product_brand?post=2306"},{"taxonomy":"product_cat","embeddable":true,"href":"https:\/\/zwienenberg-n28.sitepilot.cloud\/de\/wp-json\/wp\/v2\/product_cat?post=2306"},{"taxonomy":"product_tag","embeddable":true,"href":"https:\/\/zwienenberg-n28.sitepilot.cloud\/de\/wp-json\/wp\/v2\/product_tag?post=2306"}],"curies":[{"name":"wp","href":"https:\/\/api.w.org\/{rel}","templated":true}]}}