{"id":2305,"date":"2021-12-31T08:12:53","date_gmt":"2021-12-31T07:12:53","guid":{"rendered":"https:\/\/zwienenberg-n28.sitepilot.cloud\/product\/pavo-senior-5mm\/"},"modified":"2025-06-04T11:56:42","modified_gmt":"2025-06-04T09:56:42","slug":"pavo-senior-5mm","status":"publish","type":"product","link":"https:\/\/zwienenberg-n28.sitepilot.cloud\/de\/product\/pavo-senior-5mm\/","title":{"rendered":"Pavo Senior 5mm"},"content":{"rendered":"<div class=\"column is-7\">\n<div class=\"content\">\n<p><span data-sheets-value=\"{\"1\":2,\"2\":\"Pavo Senior (5mm) is een brok die speciaal is samengesteld voor oudere paarden. Het bevat alles wat een ouder paard (extra) nodig heeft, zonder het systeem onnodig te belasten. De brok kan droog gevoerd worden, maar ook als slobber nadat het product geweekt is. Wanneer Pavo Senior na het weken gemengd wordt met producten zoals SpeediBeet, DailyPlus of ander gehakseld ruwvoer, \\nkan het ondersteuning bieden voor paarden die slecht ruwvoer opnemen. \\n\"}\" data-sheets-userformat=\"{\"2\":13185,\"3\":{\"1\":0},\"10\":0,\"11\":4,\"12\":0,\"15\":\"Poppins\",\"16\":10}\">Pavo Senior (5mm) ist ein Pellet, das speziell f\u00fcr \u00e4ltere Pferde entwickelt wurde. Es enth\u00e4lt alles, was ein \u00e4lteres Pferd (zus\u00e4tzlich) braucht, ohne den Organismus unn\u00f6tig zu belasten. Der Brocken kann trocken oder als Brei nach dem Einweichen gef\u00fcttert werden. Wenn Pavo Senior nach dem Einweichen mit Produkten wie SpeediBeet, DailyPlus oder anderem gehackten Raufutter gemischt wird, kann es Pferde mit schlechter Raufutteraufnahme unterst\u00fctzen.<br \/>\n<\/span><\/p>\n<p><strong>Wesentliche Merkmale<\/strong><\/p>\n<p><span data-sheets-value=\"{\"1\":2,\"2\":\"\u2022 Boordevol goed verteerbare vezels (uit o.a. sojahullen en luzerne) \\n\u2022 Met essenti\u00eble aminozuren voor conditiebehoud \\n\u2022 Aangepast suiker- &amp; zetmeelgehalte voor oudere paarden\\n\u2022 Extra omega 3- en 6-vetzuren\\n\u2022 Aangepaste calcium-fosforverhouding\\n\u2022 Antioxidanten ter ondersteuning van de weerstand\\n\u2022 Extra vitaminen en mineralen\\n\u2022 Kan droog \u00e9n nat gevoerd worden\\n\"}\" data-sheets-userformat=\"{\"2\":13185,\"3\":{\"1\":0},\"10\":0,\"11\":4,\"12\":0,\"15\":\"Poppins\",\"16\":10}\">&#8211; Vollgepackt mit hochverdaulichen Fasern (u.a. aus Sojaschalen und Luzerne)<br \/>\n&#8211; Mit essentiellen Aminos\u00e4uren zur Erhaltung der Kondition<br \/>\n&#8211; Angepasster Zucker- und St\u00e4rkegehalt f\u00fcr \u00e4ltere Pferde<br \/>\n&#8211; Extra Omega 3 und 6 Fetts\u00e4uren<br \/>\n&#8211; Angepasstes Kalzium-Phosphor-Verh\u00e4ltnis<br \/>\n&#8211; Antioxidantien zur Unterst\u00fctzung der Widerstandskraft<br \/>\n&#8211; Extra Vitamine und Mineralstoffe<br \/>\n&#8211; Kann trocken und nass gef\u00fcttert werden<br \/>\n<\/span><\/p>\n<p><strong>Anwendung<\/strong><\/p>\n<p><span data-sheets-value=\"{\"1\":2,\"2\":\"\u2022 Voor oude(re) paarden\\n\u2022 Ideaal voor paarden met een conditieachterstand\\n\u2022 Om ruwvoeropname te ondersteunen \\n\"}\" data-sheets-userformat=\"{\"2\":13185,\"3\":{\"1\":0},\"10\":0,\"11\":4,\"12\":0,\"15\":\"Poppins\",\"16\":10}\">&#8211; F\u00fcr alte(re) Pferde<br \/>\n&#8211; Ideal f\u00fcr konditionell beeintr\u00e4chtigte Pferde<br \/>\n&#8211; Zur Unterst\u00fctzung der Raufutteraufnahme<br \/>\n<\/span><\/p>\n<p><strong>F\u00fctterungshinweise<\/strong><\/p>\n<p><span data-sheets-value=\"{\"1\":2,\"2\":\"Gemiddeld advies: 0,33 kg per 100 kg lichaamsgewicht. \\n 400 kg lichaamsgewicht: 1,3 kg \/ dag\\n 600 kg lichaamsgewicht: 2,0 kg \/ dag\\nBenodigde hoeveelheid hangt af van o.a. weidegang en ruwvoergift (en conditie).\\n\"}\" data-sheets-userformat=\"{\"2\":13185,\"3\":{\"1\":0},\"10\":0,\"11\":4,\"12\":0,\"15\":\"Poppins\",\"16\":10}\">Durchschnittliche Ratschl\u00e4ge:  <\/span><\/p>\n<p><span data-sheets-value=\"{\"1\":2,\"2\":\"Gemiddeld advies: 0,33 kg per 100 kg lichaamsgewicht. \\n 400 kg lichaamsgewicht: 1,3 kg \/ dag\\n 600 kg lichaamsgewicht: 2,0 kg \/ dag\\nBenodigde hoeveelheid hangt af van o.a. weidegang en ruwvoergift (en conditie).\\n\"}\" data-sheets-userformat=\"{\"2\":13185,\"3\":{\"1\":0},\"10\":0,\"11\":4,\"12\":0,\"15\":\"Poppins\",\"16\":10}\">&#8211; 0,33 kg pro 100 kg K\u00f6rpergewicht.<br \/>\n&#8211; 400 kg K\u00f6rpergewicht: 1,3 kg \/ Tag<br \/>\n&#8211; 600 kg K\u00f6rpergewicht: 2,0 kg \/ Tag<br \/>\n<\/span><\/p>\n<p><span data-sheets-value=\"{\"1\":2,\"2\":\"Gemiddeld advies: 0,33 kg per 100 kg lichaamsgewicht. \\n 400 kg lichaamsgewicht: 1,3 kg \/ dag\\n 600 kg lichaamsgewicht: 2,0 kg \/ dag\\nBenodigde hoeveelheid hangt af van o.a. weidegang en ruwvoergift (en conditie).\\n\"}\" data-sheets-userformat=\"{\"2\":13185,\"3\":{\"1\":0},\"10\":0,\"11\":4,\"12\":0,\"15\":\"Poppins\",\"16\":10}\">Die erforderliche Menge h\u00e4ngt unter anderem von der Beweidung und dem Futter (und dessen Zustand) ab.<br \/>\n<\/span><\/p>\n<p><strong>Ratschl\u00e4ge zur Lagerung<\/strong><\/p>\n<p><span data-sheets-value=\"{\"1\":2,\"2\":\"Droog en donker bewaren, maximale houdbaarheid 3 maanden. Denk met name aan omloopsnelheid in de zomermaanden (april \u2013 september).\"}\" data-sheets-userformat=\"{\"2\":13185,\"3\":{\"1\":0},\"10\":0,\"11\":4,\"12\":0,\"15\":\"Poppins\",\"16\":10}\">Trocken und dunkel lagern, maximal 3 Monate haltbar. Beachten Sie insbesondere den Umsatz w\u00e4hrend der Sommermonate (April &#8211; September). <\/span><\/p>\n<\/div>\n<\/div>\n","protected":false},"excerpt":{"rendered":"<p><strong>Spezialfutter f\u00fcr \u00e4ltere Pferde<\/strong><\/p>\n","protected":false},"featured_media":2172,"template":"","meta":{"inline_featured_image":false,"site-sidebar-layout":"default","site-content-layout":"default","ast-global-header-display":"","ast-main-header-display":"","ast-hfb-above-header-display":"","ast-hfb-below-header-display":"","ast-hfb-mobile-header-display":"","site-post-title":"","ast-breadcrumbs-content":"","ast-featured-img":"","footer-sml-layout":"","theme-transparent-header-meta":"default","adv-header-id-meta":"","stick-header-meta":"","header-above-stick-meta":"","header-main-stick-meta":"","header-below-stick-meta":""},"product_brand":[],"product_cat":[59],"product_tag":[],"class_list":{"0":"post-2305","1":"product","2":"type-product","3":"status-publish","4":"has-post-thumbnail","6":"product_cat-allround-de","7":"pa_hoeveelheid-47","8":"pa_hoeveelheid-48","9":"pa_hoeveelheid-49","10":"pa_hoeveelheid-50","11":"pa_hoeveelheid-51","12":"pa_silo-nummer-52","13":"pa_silo-nummer-53","14":"pa_silo-nummer-54","15":"pa_silo-nummer-55","16":"wcpa_has_options","18":"first","19":"instock","20":"shipping-taxable","21":"purchasable","22":"product-type-variable"},"_links":{"self":[{"href":"https:\/\/zwienenberg-n28.sitepilot.cloud\/de\/wp-json\/wp\/v2\/product\/2305","targetHints":{"allow":["GET"]}}],"collection":[{"href":"https:\/\/zwienenberg-n28.sitepilot.cloud\/de\/wp-json\/wp\/v2\/product"}],"about":[{"href":"https:\/\/zwienenberg-n28.sitepilot.cloud\/de\/wp-json\/wp\/v2\/types\/product"}],"wp:featuredmedia":[{"embeddable":true,"href":"https:\/\/zwienenberg-n28.sitepilot.cloud\/de\/wp-json\/wp\/v2\/media\/2172"}],"wp:attachment":[{"href":"https:\/\/zwienenberg-n28.sitepilot.cloud\/de\/wp-json\/wp\/v2\/media?parent=2305"}],"wp:term":[{"taxonomy":"product_brand","embeddable":true,"href":"https:\/\/zwienenberg-n28.sitepilot.cloud\/de\/wp-json\/wp\/v2\/product_brand?post=2305"},{"taxonomy":"product_cat","embeddable":true,"href":"https:\/\/zwienenberg-n28.sitepilot.cloud\/de\/wp-json\/wp\/v2\/product_cat?post=2305"},{"taxonomy":"product_tag","embeddable":true,"href":"https:\/\/zwienenberg-n28.sitepilot.cloud\/de\/wp-json\/wp\/v2\/product_tag?post=2305"}],"curies":[{"name":"wp","href":"https:\/\/api.w.org\/{rel}","templated":true}]}}