{"id":2303,"date":"2022-05-25T17:03:19","date_gmt":"2022-05-25T15:03:19","guid":{"rendered":"https:\/\/zwienenberg-n28.sitepilot.cloud\/product\/pavo-podo-lac\/"},"modified":"2025-05-27T16:15:25","modified_gmt":"2025-05-27T14:15:25","slug":"pavo-podo-lac","status":"publish","type":"product","link":"https:\/\/zwienenberg-n28.sitepilot.cloud\/de\/product\/pavo-podo-lac\/","title":{"rendered":"Pavo Podo Lac"},"content":{"rendered":"<div class=\"column is-7\">\n<div class=\"content\">\n<div class=\"column is-7\">\n<div class=\"content\">\n<div class=\"column is-7\">\n<div class=\"content\">\n<div class=\"column is-7\">\n<div class=\"content\">\n<p><strong>\u00dcber Pavo Podo\u00aeLac<\/strong><\/p>\n<p>Die Entwicklung gesunder Knochen und Gelenke ist entscheidend f\u00fcr die Gesundheit und Leistungsf\u00e4higkeit eines Pferdes. Die Ern\u00e4hrung spielt dabei eine wesentliche Rolle, und sie beginnt bereits, wenn die Stute noch tr\u00e4chtig ist. <\/p>\n<p><strong>Stutenpellet<\/strong><\/p>\n<p>Mit der Stutenmilch Pavo Podo\u00aeLac geben Sie dem ungeborenen Fohlen bereits alle wichtigen N\u00e4hrstoffe. Denn Stutenmilch enth\u00e4lt von Natur aus zu wenig Kupfer und Zink f\u00fcr Fohlen, obwohl diese unter anderem f\u00fcr die richtige Entwicklung von Knochen, Organen, Fell und Verdauungsprozessen notwendig sind. Deshalb ist es so wichtig, die Kupferzufuhr in den letzten drei Monaten der Tr\u00e4chtigkeit zu erh\u00f6hen, unter anderem, damit das ungeborene Fohlen \u00fcber die Nabelschnur einen Vorrat in der Leber anlegen kann. In den ersten drei Lebensmonaten wird dieser Vorrat dann allm\u00e4hlich verf\u00fcgbar und das Fohlen kann ihn f\u00fcr eine gesunde Entwicklung nutzen. Die Stutenpellets Pavo Podo\u00aeLac enthalten alle wichtigen N\u00e4hrstoffe f\u00fcr das ungeborene Fohlen und werden ab den letzten drei Monaten der Tr\u00e4chtigkeit bis einschlie\u00dflich der S\u00e4ugezeit gef\u00fcttert.    <\/p>\n<p><strong>Eiwei\u00df in Pavo Podo\u00aeLac<\/strong><\/p>\n<p>Aus jahrelanger Futtermittelforschung wissen wir, dass die Energie- und Proteinwerte im Futter sehr unterschiedlich sind und im Allgemeinen eher niedrig liegen. Dabei sind dies sehr wichtige N\u00e4hrstoffe w\u00e4hrend der Tr\u00e4chtigkeit und Laktation! Deshalb enth\u00e4lt Pavo Podo\u00aeLac einen hohen Protein- und Fettgehalt sowie eine gro\u00dfe Menge an Vitamin E.  <\/p>\n<p><strong>Pavo Podo\u00aeConcept: in 3 Schritten zu einem gesunden Fohlen<\/strong><\/p>\n<p>Pavo hat schon immer intensiv nach dem idealen Futter f\u00fcr die Zucht geforscht. Daraus ist das einzigartige Pavo Podo Konzept entstanden: vier Produkte, die nahtlos zusammenpassen und das wachsende Fohlen mit allen wichtigen N\u00e4hrstoffen versorgen, gerade in dieser entscheidenden Zeit, in der sich die Knochen und Gelenke entwickeln.<\/p>\n<ol>\n<li>Das Stutenpellet Pavo Podo\u00aeLac ist Schritt<strong>1 bei der<\/strong>Unterst\u00fctzung von Stute und Fohlen<\/li>\n<li>Schritt 2 ist die <a href=\"https:\/\/www.pavo.nl\/fokkerij\/producten\/pavo-podostart\">FohlenpelletPodo\u00aeStart<\/a><\/li>\n<li>und Schritt 3 das <a href=\"https:\/\/www.pavo.nl\/fokkerij\/producten\/pavo-podogrow\">AufzuchtpelletPodo\u00aeGrow<\/a><\/li>\n<\/ol>\n<p><em>Tipp: F\u00fcttern Sie kein oder nur wenig Kraftfutter aus unserem Podo\u00aeConcept? Dann ist <a href=\"https:\/\/www.pavo.nl\/fokkerij\/producten\/pavo-podocare\">Pavo Podo\u00aeCare<\/a> (Pellets) oder <a href=\"https:\/\/www.pavo.nl\/fokkerij\/producten\/pavo-podocare-liquid\">Pavo Podo\u00aeCare Liquid<\/a> (Paste) ein zus\u00e4tzliches Erg\u00e4nzungsfuttermittel f\u00fcr junge Fohlen bis zum Alter von 24 Monaten. <\/em><\/p>\n<p><strong>Auch in der BigBox erh\u00e4ltlich<\/strong><\/p>\n<p>Pavo Podo\u00aeLac ist auch in der BigBox erh\u00e4ltlich: die ideale Gro\u00dfpackung, wenn zwischen 5 und 10 Pferde die gleiche Art von Kraftfutter erhalten. Die Pavo BigBox ist viel g\u00fcnstiger als Sackfutter und wird einfach zu Ihnen nach Hause oder in den Stall geliefert. Sehen Sie sich hier <a href=\"https:\/\/www.pavo.nl\/bigbox\">alle Vorteile einer BigBox<\/a> an.  <\/p>\n<\/div>\n<\/div>\n<div class=\"column is-5\">\n<h2>Wesentliche Merkmale<\/h2>\n<div class=\"content\">\n<ul>\n<li>Mit Kupfer, Zink und Mangan in hoch absorbierbarer Form f\u00fcr das ungeborene Fohlen<\/li>\n<li>Enth\u00e4lt das bew\u00e4hrte Podo\u00ae-Konzept<\/li>\n<li>Ausgew\u00e4hltes Ca\/P und Extra-Magnesium<\/li>\n<li>Mit extra viel Eiwei\u00df<\/li>\n<li>Extra Vitamin E<\/li>\n<li>H\u00e4lt Ihre Stute in optimaler Kondition und f\u00f6rdert die Milchleistung<\/li>\n<\/ul>\n<\/div>\n<h2>Anwendung<\/h2>\n<div class=\"content\">\n<ul>\n<li>F\u00fcr tr\u00e4chtige Stuten ab dem 9. Monat und w\u00e4hrend der S\u00e4ugezeit<\/li>\n<\/ul>\n<p>Hilfreicher Tipp:<\/p>\n<p><strong>Stuten verlieren w\u00e4hrend der Laktation stark an Gewicht<\/strong><\/p>\n<p>Podo\u00aeLac wurde entwickelt, um die Milchproduktion der Stute anzuregen und zu unterst\u00fctzen. Manche Stuten geben jedoch so viel Milch, dass sie sich v\u00f6llig &#8222;ausziehen&#8220;. Das Ergebnis ist eine abgemagerte Stute und ein fettes Fohlen. Sollte Ihre Stute w\u00e4hrend der Laktation viel Gewicht verlieren, ersetzen Sie Pavo PodoLac etwa 6-8 Wochen nach dem Abfohlen durch Pavo Performance. Dadurch erh\u00e4lt die Stute viel Energie, aber die Milchproduktion wird etwas reduziert, so dass sie sich erholen kann. Stellen Sie langsam um (in 2 Wochen).     <\/p>\n<\/div>\n<\/div>\n<\/div>\n<\/div>\n<\/div>\n<\/div>\n<\/div>\n<\/div>\n","protected":false},"excerpt":{"rendered":"<ul>\n<li><span title=\"F\u00fcr tr\u00e4chtige und laktierende Stuten\">F\u00fcr tr\u00e4chtige und laktierende Stuten<\/span><\/li>\n<li><span title=\"Extra Protein, Kupfer, Zink und Mangan\">Extra Protein, Kupfer, Zink und Mangan<\/span><\/li>\n<li><span title=\"Enth\u00e4lt das bew\u00e4hrte Podo-Konzept\">Enth\u00e4lt das bew\u00e4hrte Podo-Konzept<\/span><\/li>\n<\/ul>\n","protected":false},"featured_media":2170,"template":"","meta":{"inline_featured_image":false,"site-sidebar-layout":"default","site-content-layout":"default","ast-global-header-display":"","ast-main-header-display":"","ast-hfb-above-header-display":"","ast-hfb-below-header-display":"","ast-hfb-mobile-header-display":"","site-post-title":"","ast-breadcrumbs-content":"","ast-featured-img":"","footer-sml-layout":"","theme-transparent-header-meta":"default","adv-header-id-meta":"","stick-header-meta":"","header-above-stick-meta":"","header-main-stick-meta":"","header-below-stick-meta":""},"product_brand":[],"product_cat":[56],"product_tag":[],"class_list":{"0":"post-2303","1":"product","2":"type-product","3":"status-publish","4":"has-post-thumbnail","6":"product_cat-zucht","7":"pa_hoeveelheid-47","8":"pa_hoeveelheid-48","9":"pa_hoeveelheid-49","10":"pa_hoeveelheid-50","11":"pa_hoeveelheid-51","12":"pa_silo-nummer-52","13":"pa_silo-nummer-53","14":"pa_silo-nummer-54","15":"pa_silo-nummer-55","16":"wcpa_has_options","18":"first","19":"instock","20":"shipping-taxable","21":"purchasable","22":"product-type-variable"},"_links":{"self":[{"href":"https:\/\/zwienenberg-n28.sitepilot.cloud\/de\/wp-json\/wp\/v2\/product\/2303","targetHints":{"allow":["GET"]}}],"collection":[{"href":"https:\/\/zwienenberg-n28.sitepilot.cloud\/de\/wp-json\/wp\/v2\/product"}],"about":[{"href":"https:\/\/zwienenberg-n28.sitepilot.cloud\/de\/wp-json\/wp\/v2\/types\/product"}],"wp:featuredmedia":[{"embeddable":true,"href":"https:\/\/zwienenberg-n28.sitepilot.cloud\/de\/wp-json\/wp\/v2\/media\/2170"}],"wp:attachment":[{"href":"https:\/\/zwienenberg-n28.sitepilot.cloud\/de\/wp-json\/wp\/v2\/media?parent=2303"}],"wp:term":[{"taxonomy":"product_brand","embeddable":true,"href":"https:\/\/zwienenberg-n28.sitepilot.cloud\/de\/wp-json\/wp\/v2\/product_brand?post=2303"},{"taxonomy":"product_cat","embeddable":true,"href":"https:\/\/zwienenberg-n28.sitepilot.cloud\/de\/wp-json\/wp\/v2\/product_cat?post=2303"},{"taxonomy":"product_tag","embeddable":true,"href":"https:\/\/zwienenberg-n28.sitepilot.cloud\/de\/wp-json\/wp\/v2\/product_tag?post=2303"}],"curies":[{"name":"wp","href":"https:\/\/api.w.org\/{rel}","templated":true}]}}