{"id":2302,"date":"2021-12-22T09:48:01","date_gmt":"2021-12-22T08:48:01","guid":{"rendered":"https:\/\/zwienenberg-n28.sitepilot.cloud\/product\/pavo-sportsfit\/"},"modified":"2025-06-04T11:47:31","modified_gmt":"2025-06-04T09:47:31","slug":"pavo-sportsfit","status":"publish","type":"product","link":"https:\/\/zwienenberg-n28.sitepilot.cloud\/de\/product\/pavo-sportsfit\/","title":{"rendered":"Pavo SportsFit"},"content":{"rendered":"<div class=\"column is-7\">\n<div class=\"content\">\n<div class=\"column is-7\">\n<div class=\"content\">\n<p>Pferde, die Sport auf mittlerem oder schwerem Niveau betreiben, ben\u00f6tigen unter anderem ausreichend Energie und Eiwei\u00df, um optimale sportliche Leistungen zu erbringen. Pavo SportsFit ist das \u00f6lhaltige Sportm\u00fcsli mit mittlerem Energiewert f\u00fcr alle Sportpferde und Ponys. <\/p>\n<h2 id=\"pavo-sportsfit-olierijke-sportmuesli-voor-midden-tot-zwaar-niveau\">Pavo SportsFit: \u00f6lhaltiges Sportm\u00fcsli f\u00fcr mittlere bis schwere Belastungen<\/h2>\n<p>Pavo SportsFit ist ein komplettes t\u00e4gliches Sportm\u00fcsli f\u00fcr Pferde, die auf mittlerem bis schwerem Niveau trainiert werden. Es ist ein komplettes Konzentrat und f\u00fcr alle Disziplinen geeignet. Die Energie in Pavo SportsFit stammt aus der ultimativen Kombination von gepufften K\u00f6rnern (St\u00e4rke) und Lein\u00f6l. Die K\u00f6rner geben Ihrem Pferd schnelle Energie und extra &#8218;Power&#8216;, und das \u00d6l liefert langsame Energie, die f\u00fcr zus\u00e4tzliche Ausdauer sorgt. Das Tolle an \u00d6l ist, dass die Pferde davon nicht zu &#8218;hei\u00df&#8216; werden, sondern die Arbeit l\u00e4nger durchhalten k\u00f6nnen. Die K\u00f6rner in Pavo SportsFit sind gepufft, so dass Ihr Pferd die normalerweise schwer verdaulichen K\u00f6rner sehr gut aufnehmen kann.     <\/p>\n<p>Dar\u00fcber hinaus verleihen die Omega-3-Fetts\u00e4uren aus Leinsamen Ihrem Pferd einen sch\u00f6nen Glanz und Bierhefe wurde hinzugef\u00fcgt, um eine gesunde Darmflora und das Immunsystem zus\u00e4tzlich zu unterst\u00fctzen.<\/p>\n<h2 id=\"sterke-en-soepele-spieren\">Starke und geschmeidige Muskeln<\/h2>\n<p>Proteine sind wichtig f\u00fcr den Aufbau von Muskelmasse. Daher enth\u00e4lt Pavo SportsFit Magnesium, hochwertige Proteine und essentielle Aminos\u00e4uren wie Lysin. Um eine optimale Muskelfunktion zu gew\u00e4hrleisten, wurden au\u00dferdem nat\u00fcrliche CellProtect-Antioxidantien und nat\u00fcrliches Vitamin E hinzugef\u00fcgt. Nat\u00fcrliches Vitamin E ist fast doppelt so wirksam wie die synthetische Variante, die in den meisten Sportnahrungsmitteln enthalten ist. Das Ergebnis: Die Muskeln \u00fcbers\u00e4uern weniger schnell, bleiben sch\u00f6n geschmeidig und Ihr Pferd h\u00e4lt l\u00e4nger durch!    <\/p>\n<p><strong>Bevorzugen Sie eine Sportpellet mit den gleichen Eigenschaften?<\/strong> Dann w\u00e4hlen Sie <a href=\"https:\/\/www.pavo.nl\/paardenvoer\/sport\/pavo-allsports\/?articlecode=91452\">Pavo AllSports<\/a>.<\/p>\n<\/div>\n<\/div>\n<div class=\"column is-5\">\n<h2>Wesentliche Merkmale<\/h2>\n<div class=\"content\">\n<ul>\n<li>\u00d6lhaltiges Sportm\u00fcsli<\/li>\n<li>F\u00fcr mittelschwere bis schwere Arbeiten<\/li>\n<li>Extra Energie und gesundes Aussehen<\/li>\n<li>Mit Magnesium, Proteinen und nat\u00fcrlichem Vitamin E<\/li>\n<li>F\u00fcr geschmeidige und kr\u00e4ftige Muskeln<\/li>\n<li>Sch\u00f6ner Glanz durch Leinsamen<\/li>\n<li>Mit Bierhefe f\u00fcr eine gesunde Darmflora<\/li>\n<li>Mit nat\u00fcrlichen Antioxidantien<\/li>\n<\/ul>\n<\/div>\n<h2>Anwendung<\/h2>\n<div class=\"content\">\n<p>Sehr gut geeignet f\u00fcr Sportpferde und Ponys:<\/p>\n<ul>\n<li>In allen Disziplinen<\/li>\n<li>die zus\u00e4tzliche Energie ben\u00f6tigen<\/li>\n<li>Die schnell (zu) hei\u00df werden<\/li>\n<li>die mittelschwere bis schwere Arbeit verrichten (Energieniveau mittel)<\/li>\n<\/ul>\n<p>Wie intensiv Sie mit Ihrem Pferd trainieren, bestimmt zum Teil die Menge an Energie, die Ihr Pferd ben\u00f6tigt. Pavo SportsFit hat einen durchschnittlichen Energiegehalt: <\/p>\n<p><strong>Energielevel mittel:<\/strong> mindestens 3-4 Tage pro Woche, durchschnittlich 30-60 Minuten pro Tag trainieren. Intensit\u00e4t f\u00fcr 1 Stunde Training: 14 Minuten Schritt, 34 Minuten Trab und 12 Minuten Galopp und\/oder Springen. <\/p>\n<\/div>\n<\/div>\n<\/div>\n<\/div>\n","protected":false},"excerpt":{"rendered":"<ul>\n<li><span title=\"Sportm\u00fcsli f\u00fcr alle Disziplinen  \">Sportm\u00fcsli f\u00fcr alle Disziplinen<\/span><\/li>\n<li><span title=\"F\u00fcr mittelschwere bis schwere Arbeiten\">F\u00fcr mittelschwere bis schwere Arbeiten<\/span><\/li>\n<li><span title=\"Extra Energie und Eiwei\u00df\">Extra Energie und Eiwei\u00df<\/span><\/li>\n<\/ul>\n","protected":false},"featured_media":2174,"template":"","meta":{"inline_featured_image":false,"site-sidebar-layout":"default","site-content-layout":"default","ast-global-header-display":"","ast-main-header-display":"","ast-hfb-above-header-display":"","ast-hfb-below-header-display":"","ast-hfb-mobile-header-display":"","site-post-title":"","ast-breadcrumbs-content":"","ast-featured-img":"","footer-sml-layout":"","theme-transparent-header-meta":"default","adv-header-id-meta":"","stick-header-meta":"","header-above-stick-meta":"","header-main-stick-meta":"","header-below-stick-meta":""},"product_brand":[],"product_cat":[58],"product_tag":[],"class_list":{"0":"post-2302","1":"product","2":"type-product","3":"status-publish","4":"has-post-thumbnail","6":"product_cat-sport-de-2","7":"pa_hoeveelheid-47","8":"pa_hoeveelheid-48","9":"pa_hoeveelheid-49","10":"pa_hoeveelheid-50","11":"pa_hoeveelheid-51","12":"pa_silo-nummer-52","13":"pa_silo-nummer-53","14":"pa_silo-nummer-54","15":"pa_silo-nummer-55","16":"wcpa_has_options","18":"first","19":"instock","20":"shipping-taxable","21":"purchasable","22":"product-type-variable"},"_links":{"self":[{"href":"https:\/\/zwienenberg-n28.sitepilot.cloud\/de\/wp-json\/wp\/v2\/product\/2302","targetHints":{"allow":["GET"]}}],"collection":[{"href":"https:\/\/zwienenberg-n28.sitepilot.cloud\/de\/wp-json\/wp\/v2\/product"}],"about":[{"href":"https:\/\/zwienenberg-n28.sitepilot.cloud\/de\/wp-json\/wp\/v2\/types\/product"}],"wp:featuredmedia":[{"embeddable":true,"href":"https:\/\/zwienenberg-n28.sitepilot.cloud\/de\/wp-json\/wp\/v2\/media\/2174"}],"wp:attachment":[{"href":"https:\/\/zwienenberg-n28.sitepilot.cloud\/de\/wp-json\/wp\/v2\/media?parent=2302"}],"wp:term":[{"taxonomy":"product_brand","embeddable":true,"href":"https:\/\/zwienenberg-n28.sitepilot.cloud\/de\/wp-json\/wp\/v2\/product_brand?post=2302"},{"taxonomy":"product_cat","embeddable":true,"href":"https:\/\/zwienenberg-n28.sitepilot.cloud\/de\/wp-json\/wp\/v2\/product_cat?post=2302"},{"taxonomy":"product_tag","embeddable":true,"href":"https:\/\/zwienenberg-n28.sitepilot.cloud\/de\/wp-json\/wp\/v2\/product_tag?post=2302"}],"curies":[{"name":"wp","href":"https:\/\/api.w.org\/{rel}","templated":true}]}}