{"id":2294,"date":"2021-12-31T08:10:26","date_gmt":"2021-12-31T07:10:26","guid":{"rendered":"https:\/\/zwienenberg-n28.sitepilot.cloud\/product\/pavo-liga\/"},"modified":"2025-05-27T16:03:49","modified_gmt":"2025-05-27T14:03:49","slug":"pavo-liga","status":"publish","type":"product","link":"https:\/\/zwienenberg-n28.sitepilot.cloud\/de\/product\/pavo-liga\/","title":{"rendered":"Pavo Liga"},"content":{"rendered":"<div class=\"column is-7\">\n<div class=\"content\">\n<div class=\"column is-7\">\n<div class=\"content\">\n<p><strong>\u00dcber Pavo Liga<\/strong><\/p>\n<p>N\u00fcchterne Pferderassen ben\u00f6tigen wenig Kraftfutter, aber der Bedarf an Vitaminen und Mineralien ist hoch. Pavo Liga wurde speziell f\u00fcr diesen Zweck entwickelt.<\/p>\n<p>Pavo Liga enth\u00e4lt wenig Energie und Eiwei\u00df, aber doppelt so viele Vitamine und Mineralstoffe wie andere energiearme Konzentrate. Schauen Sie sich nur den Gehalt an Vitaminen, Kupfer, Zink, Selen und nicht zuletzt Biotin an. Die Spurenelemente in diesem Produkt sind f\u00fcr eine bessere Verdaulichkeit organisch gebunden. Pavo Liga ist alles, was gen\u00fcgsame Pferde f\u00fcr eine gute Gesundheit, gl\u00e4nzendes Fell und starke Hufe brauchen.<\/p>\n<\/div>\n<\/div>\n<div class=\"column is-5\">\n<h2>Wesentliche Merkmale<\/h2>\n<div class=\"content\">\n<ul>\n<li>Die doppelte Menge an Vitaminen und Mineralien pro Kilo Konzentrat<\/li>\n<li>Niedriger Energiewert<\/li>\n<li>Extra Kupfer, Zink, Selen und Biotin<\/li>\n<li>Spurenelemente in leicht absorbierbarer organischer Form<\/li>\n<\/ul>\n<\/div>\n<h2>Anwendung<\/h2>\n<div class=\"content\">\n<ul>\n<li>Alle strengen Rassen von Pferden und Ponys<\/li>\n<li>F\u00fcr Pferde, die wenig Kraftfutter bekommen\/brauchen<\/li>\n<\/ul>\n<\/div>\n<\/div>\n<\/div>\n<\/div>\n","protected":false},"excerpt":{"rendered":"<ul>\n<li><span title=\"F\u00fcr gen\u00fcgsame Pferde und Ponys\">F\u00fcr gen\u00fcgsame Pferde und Ponys<\/span><\/li>\n<li><span title=\"H\u00f6herer Vitamin- und Mineralstoffgehalt pro kg\">H\u00f6herer Vitamin- und Mineralstoffgehalt pro kg<\/span><\/li>\n<li><span title=\"Extra Kupfer, Zink, Selen und Biotin\">Extra Kupfer, Zink, Selen und Biotin<\/span><\/li>\n<\/ul>\n","protected":false},"featured_media":2164,"template":"","meta":{"inline_featured_image":false,"site-sidebar-layout":"default","site-content-layout":"default","ast-global-header-display":"","ast-main-header-display":"","ast-hfb-above-header-display":"","ast-hfb-below-header-display":"","ast-hfb-mobile-header-display":"","site-post-title":"","ast-breadcrumbs-content":"","ast-featured-img":"","footer-sml-layout":"","theme-transparent-header-meta":"default","adv-header-id-meta":"","stick-header-meta":"","header-above-stick-meta":"","header-main-stick-meta":"","header-below-stick-meta":""},"product_brand":[],"product_cat":[58],"product_tag":[],"class_list":{"0":"post-2294","1":"product","2":"type-product","3":"status-publish","4":"has-post-thumbnail","6":"product_cat-sport-de-2","7":"pa_hoeveelheid-47","8":"pa_hoeveelheid-48","9":"pa_hoeveelheid-49","10":"pa_hoeveelheid-50","11":"pa_hoeveelheid-51","12":"pa_silo-nummer-52","13":"pa_silo-nummer-53","14":"pa_silo-nummer-54","15":"pa_silo-nummer-55","16":"wcpa_has_options","18":"first","19":"instock","20":"shipping-taxable","21":"purchasable","22":"product-type-variable"},"_links":{"self":[{"href":"https:\/\/zwienenberg-n28.sitepilot.cloud\/de\/wp-json\/wp\/v2\/product\/2294","targetHints":{"allow":["GET"]}}],"collection":[{"href":"https:\/\/zwienenberg-n28.sitepilot.cloud\/de\/wp-json\/wp\/v2\/product"}],"about":[{"href":"https:\/\/zwienenberg-n28.sitepilot.cloud\/de\/wp-json\/wp\/v2\/types\/product"}],"wp:featuredmedia":[{"embeddable":true,"href":"https:\/\/zwienenberg-n28.sitepilot.cloud\/de\/wp-json\/wp\/v2\/media\/2164"}],"wp:attachment":[{"href":"https:\/\/zwienenberg-n28.sitepilot.cloud\/de\/wp-json\/wp\/v2\/media?parent=2294"}],"wp:term":[{"taxonomy":"product_brand","embeddable":true,"href":"https:\/\/zwienenberg-n28.sitepilot.cloud\/de\/wp-json\/wp\/v2\/product_brand?post=2294"},{"taxonomy":"product_cat","embeddable":true,"href":"https:\/\/zwienenberg-n28.sitepilot.cloud\/de\/wp-json\/wp\/v2\/product_cat?post=2294"},{"taxonomy":"product_tag","embeddable":true,"href":"https:\/\/zwienenberg-n28.sitepilot.cloud\/de\/wp-json\/wp\/v2\/product_tag?post=2294"}],"curies":[{"name":"wp","href":"https:\/\/api.w.org\/{rel}","templated":true}]}}