{"id":2293,"date":"2022-05-25T16:58:02","date_gmt":"2022-05-25T14:58:02","guid":{"rendered":"https:\/\/zwienenberg-n28.sitepilot.cloud\/product\/pavo-podo-start\/"},"modified":"2025-06-04T11:53:09","modified_gmt":"2025-06-04T09:53:09","slug":"pavo-podo-start","status":"publish","type":"product","link":"https:\/\/zwienenberg-n28.sitepilot.cloud\/de\/product\/pavo-podo-start\/","title":{"rendered":"Pavo Podo Start"},"content":{"rendered":"<div class=\"column is-7\">\n<div class=\"content\">\n<p><strong>\u00dcber Pavo Podo\u00aeStart<\/strong><\/p>\n<p>Pavo Podo\u00ae Start (5 mm gro\u00dfe Kroketten) ist nicht nur reich an hochwertigen Proteinen (essentiellen Aminos\u00e4uren), sondern liefert auch alle notwendigen Vitamine und Mineralien, die Ihr junges Fohlen ben\u00f6tigt. Es bietet eine gute Grundlage f\u00fcr den \u00dcbergang von der Stutenmilch zur festen Nahrung. Zus\u00e4tzliches Magnesium unterst\u00fctzt das schnelle Knochenwachstum w\u00e4hrend des Wachstumsschubs und Kupfer, Zink und Mangan in leicht absorbierbarer Form sorgen f\u00fcr ein ungest\u00f6rtes Knochenwachstum. F\u00fcr ein verantwortungsvolles Wachstum des jungen Fohlens im Alter von 3 Wochen bis 8 Monaten.   <\/p>\n<p>Siehe auch <strong>Schritt 1<\/strong> <a href=\"https:\/\/www.pavo.nl\/fokkerij\/producten\/pavo-podolac\">(Podo\u00aeLac)<\/a> und Schritt 3 <a href=\"https:\/\/www.pavo.nl\/fokkerij\/producten\/pavo-podogrow\">(Podo\u00aeGrow)<\/a> unseres Podo\u00aeKonzepts. Neu! <a href=\"https:\/\/www.pavo.nl\/supplementen\/producten\/pavo-podocare\">Pavo Podo\u00aeCare<\/a> (Pellets) oder <a href=\"https:\/\/www.pavo.nl\/producten\/pavo-podocare-liquid\">Pavo Podo\u00aeCare Liquid<\/a> (Paste), Nahrungserg\u00e4nzungsmittel f\u00fcr junge Fohlen bis zu 24 Monaten. <\/p>\n<\/div>\n<\/div>\n<div class=\"column is-5\">\n<h2>Wesentliche Merkmale<\/h2>\n<div class=\"content\">\n<ul>\n<li>Enth\u00e4lt das bew\u00e4hrte Podo\u00ae-Konzept<\/li>\n<li>Hoher Magnesiumgehalt sowie Kupfer, Zink und Mangan in leicht absorbierbarer Form f\u00fcr ein ungest\u00f6rtes Knochenwachstum<\/li>\n<li>5 mm gro\u00dfe Kroketten, die das junge Fohlen leicht aufnehmen kann<\/li>\n<li>Alle wichtigen Vitamine f\u00fcr ein ausgewogenes und gleichm\u00e4\u00dfiges Wachstum<\/li>\n<\/ul>\n<\/div>\n<h2>Anwendung<\/h2>\n<div class=\"content\">\n<p>Pavo Podo\u00aeStart ist Schritt 2 auf dem Weg des Fohlens zu einem gesunden Erwachsenenleben. Ab einem Alter von etwa 8 Monaten geben Sie Ihrem Fohlen Pavo Podo\u00aeGrow, Schritt 3 der Pavo-Zuchtreihe. <\/p>\n<ul>\n<li>F\u00fcr junge Fohlen von 3 Wochen bis 8 Monaten.<\/li>\n<\/ul>\n<\/div>\n<\/div>\n","protected":false},"excerpt":{"rendered":"<ul>\n<li><span title=\"F\u00fcr Fohlen bis zu 8 Monaten\">F\u00fcr Fohlen bis zu 8 Monaten<\/span><\/li>\n<li><span title=\"Mit bew\u00e4hrtem Podo-Konzept\">Mit bew\u00e4hrtem Podo-Konzept<\/span><\/li>\n<li><span title=\"5 mm Brocken\">5 mm Brocken<\/span><\/li>\n<\/ul>\n","protected":false},"featured_media":2171,"template":"","meta":{"inline_featured_image":false,"site-sidebar-layout":"default","site-content-layout":"default","ast-global-header-display":"","ast-main-header-display":"","ast-hfb-above-header-display":"","ast-hfb-below-header-display":"","ast-hfb-mobile-header-display":"","site-post-title":"","ast-breadcrumbs-content":"","ast-featured-img":"","footer-sml-layout":"","theme-transparent-header-meta":"default","adv-header-id-meta":"","stick-header-meta":"","header-above-stick-meta":"","header-main-stick-meta":"","header-below-stick-meta":""},"product_brand":[],"product_cat":[56],"product_tag":[],"class_list":{"0":"post-2293","1":"product","2":"type-product","3":"status-publish","4":"has-post-thumbnail","6":"product_cat-zucht","7":"pa_hoeveelheid-47","8":"pa_hoeveelheid-48","9":"pa_hoeveelheid-49","10":"pa_hoeveelheid-50","11":"pa_hoeveelheid-51","12":"pa_silo-nummer-52","13":"pa_silo-nummer-53","14":"pa_silo-nummer-54","15":"pa_silo-nummer-55","16":"wcpa_has_options","18":"first","19":"instock","20":"shipping-taxable","21":"purchasable","22":"product-type-variable"},"_links":{"self":[{"href":"https:\/\/zwienenberg-n28.sitepilot.cloud\/de\/wp-json\/wp\/v2\/product\/2293","targetHints":{"allow":["GET"]}}],"collection":[{"href":"https:\/\/zwienenberg-n28.sitepilot.cloud\/de\/wp-json\/wp\/v2\/product"}],"about":[{"href":"https:\/\/zwienenberg-n28.sitepilot.cloud\/de\/wp-json\/wp\/v2\/types\/product"}],"wp:featuredmedia":[{"embeddable":true,"href":"https:\/\/zwienenberg-n28.sitepilot.cloud\/de\/wp-json\/wp\/v2\/media\/2171"}],"wp:attachment":[{"href":"https:\/\/zwienenberg-n28.sitepilot.cloud\/de\/wp-json\/wp\/v2\/media?parent=2293"}],"wp:term":[{"taxonomy":"product_brand","embeddable":true,"href":"https:\/\/zwienenberg-n28.sitepilot.cloud\/de\/wp-json\/wp\/v2\/product_brand?post=2293"},{"taxonomy":"product_cat","embeddable":true,"href":"https:\/\/zwienenberg-n28.sitepilot.cloud\/de\/wp-json\/wp\/v2\/product_cat?post=2293"},{"taxonomy":"product_tag","embeddable":true,"href":"https:\/\/zwienenberg-n28.sitepilot.cloud\/de\/wp-json\/wp\/v2\/product_tag?post=2293"}],"curies":[{"name":"wp","href":"https:\/\/api.w.org\/{rel}","templated":true}]}}