{"id":2292,"date":"2021-12-31T08:11:15","date_gmt":"2021-12-31T07:11:15","guid":{"rendered":"https:\/\/zwienenberg-n28.sitepilot.cloud\/product\/pavo-sport-zustand-pro\/"},"modified":"2025-06-13T11:08:51","modified_gmt":"2025-06-13T09:08:51","slug":"pavo-sport-zustand-pro","status":"publish","type":"product","link":"https:\/\/zwienenberg-n28.sitepilot.cloud\/de\/product\/pavo-sport-zustand-pro\/","title":{"rendered":"Pavo Sport Condition PRO"},"content":{"rendered":"<div class=\"column is-7\">\n<div class=\"content\">\n<p><span data-sheets-value=\"{\"1\":2,\"2\":\"Pavo Condition PRO is \u00e9\u00e9n van de meest gebruikte brok-soorten in het silo-assortiment van Pavo. Dit voer wordt op professionele paardenbedrijven ingezet die lichte tot middelzware arbeid moeten verrichten. De Pavo Condition PRO bevat een hoog granen-aandeel (waaronder haver) en is tevens uitgerust met een hoge gehaltes aan alle voor sportpaarden belangrijke vitamines en mineralen zoals vitamine E en selenium. Tevens bevat Pavo Condition PRO lijnzaad voor een glanzende vacht\"}\" data-sheets-userformat=\"{\"2\":13185,\"3\":{\"1\":0},\"10\":0,\"11\":4,\"12\":0,\"15\":\"Poppins\",\"16\":10}\">Pavo Condition PRO ist eines der am h\u00e4ufigsten verwendeten Pellets in Pavos Silagesortiment. Dieses Futter wird auf professionellen Pferdefarmen mit leichter bis mittlerer Arbeit verwendet. Pavo Condition PRO enth\u00e4lt einen hohen Getreideanteil (u.a. Hafer) und weist zudem einen hohen Gehalt an allen f\u00fcr Sportpferde wichtigen Vitaminen und Mineralstoffen wie Vitamin E und Selen auf. Au\u00dferdem enth\u00e4lt Pavo Condition PRO Leinsamen f\u00fcr ein gl\u00e4nzendes Fell.<\/span><\/p>\n<p><strong>Wichtig <\/strong><b>Eigenschaften<\/b><\/p>\n<\/div>\n<\/div>\n<div class=\"column is-5\">\n<div class=\"content\">\n<p><span data-sheets-value=\"{\"1\":2,\"2\":\"\u2022 8mm brok voor sportpaarden\\n\u2022 Compleet en rijk gevitaminiseerd\\n\u2022 Met omega-3 &amp; 6 vetzuren\\n\u2022 Extra magnesium voor verzorging van spieren\\n\u2022 Toegevoegd lijnzaad voor extra glans\\n\u2022 Hoog granenaandeel en haver voor extra energie\\n\"}\" data-sheets-userformat=\"{\"2\":13185,\"3\":{\"1\":0},\"10\":0,\"11\":4,\"12\":0,\"15\":\"Poppins\",\"16\":10}\">&#8211; 8mm Pellet f\u00fcr Sportpferde<br \/>\n&#8211; Vollst\u00e4ndig und reich an Vitaminen<br \/>\n&#8211; Mit Omega-3 &amp; 6 Fetts\u00e4uren<br \/>\n&#8211; Extra Magnesium f\u00fcr die Muskelpflege<br \/>\n&#8211; Leinsamen f\u00fcr extra Glanz<br \/>\n&#8211; Hoher Getreideanteil und Hafer f\u00fcr extra Energie<br \/>\n<\/span><\/p>\n<p><strong>Anwendung<\/strong><\/p>\n<\/div>\n<p><span data-sheets-value=\"{\"1\":2,\"2\":\"\u2022 Zeer geschikt voor alle sportpaarden in de lichte tot middelzware disciplines\"}\" data-sheets-userformat=\"{\"2\":13185,\"3\":{\"1\":0},\"10\":0,\"11\":4,\"12\":0,\"15\":\"Poppins\",\"16\":10}\">&#8211; Sehr gut geeignet f\u00fcr alle Sportpferde in leichten bis mittleren Disziplinen<\/span><\/p>\n<p><strong>F\u00fctterungshinweise<\/strong><\/p>\n<p><span data-sheets-value=\"{\"1\":2,\"2\":\"Gemiddelde arbeid: 0,45 kg \/ 100 kg lichaamsgewicht\\n 400 kg lichaamsgewicht: 1,7 kg \/ dag\\n 600 kg lichaamsgewicht: 2,7 kg \/ dag\\nZware arbeid: 0,67 kg \/ 100 kg lichaamsgewicht \\n 400 kg lichaamsgewicht: 1,7 kg \/ dag\\n 600 kg lichaamsgewicht: 2,7 kg \/ dag\\n\"}\" data-sheets-userformat=\"{\"2\":13185,\"3\":{\"1\":0},\"10\":0,\"11\":4,\"12\":0,\"15\":\"Poppins\",\"16\":10}\">Durchschnittliche Arbeit:  <\/span><\/p>\n<p><span data-sheets-value=\"{\"1\":2,\"2\":\"Gemiddelde arbeid: 0,45 kg \/ 100 kg lichaamsgewicht\\n 400 kg lichaamsgewicht: 1,7 kg \/ dag\\n 600 kg lichaamsgewicht: 2,7 kg \/ dag\\nZware arbeid: 0,67 kg \/ 100 kg lichaamsgewicht \\n 400 kg lichaamsgewicht: 1,7 kg \/ dag\\n 600 kg lichaamsgewicht: 2,7 kg \/ dag\\n\"}\" data-sheets-userformat=\"{\"2\":13185,\"3\":{\"1\":0},\"10\":0,\"11\":4,\"12\":0,\"15\":\"Poppins\",\"16\":10}\">&#8211; 0,45 kg \/ 100 kg K\u00f6rpergewicht<br \/>\n&#8211; 400 kg K\u00f6rpergewicht: 1,7 kg \/ Tag<br \/>\n&#8211; 600 kg K\u00f6rpergewicht: 2,7 kg \/ Tag<br \/>\n<\/span><\/p>\n<p><span data-sheets-value=\"{\"1\":2,\"2\":\"Gemiddelde arbeid: 0,45 kg \/ 100 kg lichaamsgewicht\\n 400 kg lichaamsgewicht: 1,7 kg \/ dag\\n 600 kg lichaamsgewicht: 2,7 kg \/ dag\\nZware arbeid: 0,67 kg \/ 100 kg lichaamsgewicht \\n 400 kg lichaamsgewicht: 1,7 kg \/ dag\\n 600 kg lichaamsgewicht: 2,7 kg \/ dag\\n\"}\" data-sheets-userformat=\"{\"2\":13185,\"3\":{\"1\":0},\"10\":0,\"11\":4,\"12\":0,\"15\":\"Poppins\",\"16\":10}\">Schwerstarbeit:  <\/span><\/p>\n<p><span data-sheets-value=\"{\"1\":2,\"2\":\"Gemiddelde arbeid: 0,45 kg \/ 100 kg lichaamsgewicht\\n 400 kg lichaamsgewicht: 1,7 kg \/ dag\\n 600 kg lichaamsgewicht: 2,7 kg \/ dag\\nZware arbeid: 0,67 kg \/ 100 kg lichaamsgewicht \\n 400 kg lichaamsgewicht: 1,7 kg \/ dag\\n 600 kg lichaamsgewicht: 2,7 kg \/ dag\\n\"}\" data-sheets-userformat=\"{\"2\":13185,\"3\":{\"1\":0},\"10\":0,\"11\":4,\"12\":0,\"15\":\"Poppins\",\"16\":10}\">&#8211; 0,67 kg \/ 100 kg K\u00f6rpergewicht<br \/>\n&#8211; 400 kg K\u00f6rpergewicht: 1,7 kg \/ Tag<br \/>\n&#8211; 600 kg K\u00f6rpergewicht: 2,7 kg \/ Tag<br \/>\n<\/span><\/p>\n<p><strong>Ratschl\u00e4ge zur Lagerung<\/strong><\/p>\n<p><span data-sheets-value=\"{\"1\":2,\"2\":\"Droog en donker bewaren, maximale houdbaarheid 3 maanden. Denk met name aan omloopsnelheid in de zomermaanden (april \u2013 september).\"}\" data-sheets-userformat=\"{\"2\":13185,\"3\":{\"1\":0},\"10\":0,\"11\":4,\"12\":0,\"15\":\"Poppins\",\"16\":10}\">Trocken und dunkel lagern, maximal 3 Monate haltbar. Beachten Sie insbesondere den Umsatz w\u00e4hrend der Sommermonate (April &#8211; September). <\/span><\/p>\n<\/div>\n","protected":false},"excerpt":{"rendered":"<p><strong>F\u00fcr Pferde im leichten bis mittleren Sport<\/strong><\/p>\n","protected":false},"featured_media":2173,"template":"","meta":{"inline_featured_image":false,"site-sidebar-layout":"default","site-content-layout":"default","ast-global-header-display":"","ast-main-header-display":"","ast-hfb-above-header-display":"","ast-hfb-below-header-display":"","ast-hfb-mobile-header-display":"","site-post-title":"","ast-breadcrumbs-content":"","ast-featured-img":"","footer-sml-layout":"","theme-transparent-header-meta":"default","adv-header-id-meta":"","stick-header-meta":"","header-above-stick-meta":"","header-main-stick-meta":"","header-below-stick-meta":""},"product_brand":[],"product_cat":[58],"product_tag":[],"class_list":{"0":"post-2292","1":"product","2":"type-product","3":"status-publish","4":"has-post-thumbnail","6":"product_cat-sport-de-2","7":"pa_hoeveelheid-47","8":"pa_hoeveelheid-48","9":"pa_hoeveelheid-49","10":"pa_hoeveelheid-50","11":"pa_hoeveelheid-51","12":"pa_silo-nummer-52","13":"pa_silo-nummer-53","14":"pa_silo-nummer-54","15":"pa_silo-nummer-55","16":"wcpa_has_options","18":"first","19":"instock","20":"shipping-taxable","21":"purchasable","22":"product-type-variable"},"_links":{"self":[{"href":"https:\/\/zwienenberg-n28.sitepilot.cloud\/de\/wp-json\/wp\/v2\/product\/2292","targetHints":{"allow":["GET"]}}],"collection":[{"href":"https:\/\/zwienenberg-n28.sitepilot.cloud\/de\/wp-json\/wp\/v2\/product"}],"about":[{"href":"https:\/\/zwienenberg-n28.sitepilot.cloud\/de\/wp-json\/wp\/v2\/types\/product"}],"wp:featuredmedia":[{"embeddable":true,"href":"https:\/\/zwienenberg-n28.sitepilot.cloud\/de\/wp-json\/wp\/v2\/media\/2173"}],"wp:attachment":[{"href":"https:\/\/zwienenberg-n28.sitepilot.cloud\/de\/wp-json\/wp\/v2\/media?parent=2292"}],"wp:term":[{"taxonomy":"product_brand","embeddable":true,"href":"https:\/\/zwienenberg-n28.sitepilot.cloud\/de\/wp-json\/wp\/v2\/product_brand?post=2292"},{"taxonomy":"product_cat","embeddable":true,"href":"https:\/\/zwienenberg-n28.sitepilot.cloud\/de\/wp-json\/wp\/v2\/product_cat?post=2292"},{"taxonomy":"product_tag","embeddable":true,"href":"https:\/\/zwienenberg-n28.sitepilot.cloud\/de\/wp-json\/wp\/v2\/product_tag?post=2292"}],"curies":[{"name":"wp","href":"https:\/\/api.w.org\/{rel}","templated":true}]}}