{"id":2291,"date":"2021-12-31T08:12:07","date_gmt":"2021-12-31T07:12:07","guid":{"rendered":"https:\/\/zwienenberg-n28.sitepilot.cloud\/product\/pavo-zustand-highfibre\/"},"modified":"2025-06-13T11:10:52","modified_gmt":"2025-06-13T09:10:52","slug":"pavo-zustand-highfibre","status":"publish","type":"product","link":"https:\/\/zwienenberg-n28.sitepilot.cloud\/de\/product\/pavo-zustand-highfibre\/","title":{"rendered":"Pavo Condition HighFibre"},"content":{"rendered":"<p><span data-sheets-value=\"{\"1\":2,\"2\":\"Pavo Condition is de structuurrijke onderhoudsbrok voor paarden en pony\u2019s in lichte arbeid. Met Pavo Condition geef je de volledige dagelijkse verzorging aan vitaminen en mineralen die je paard nodig heeft voor lichte sport of als je net begint met trainen. Uiteraard zorgvuldig samengesteld volgens de laatste wetenschappelijke inzichten. De complete vitaminering in combinatie met het hoge aandeel goed verteerbare vezels en het verlaagde suiker- en zetmeelgehalte\\nmaken Pavo Condition tot een hoogwaardige en veilige brok voor paarden en pony\u2019s op onderhoud en in de lichte sport.\\n\"}\" data-sheets-userformat=\"{\"2\":13185,\"3\":{\"1\":0},\"10\":0,\"11\":4,\"12\":0,\"15\":\"Poppins\",\"16\":10}\">Pavo Condition ist die strukturierte Pflegepellet f\u00fcr Pferde und Ponys in leichter Arbeit. Mit Pavo Condition versorgen Sie Ihr Pferd t\u00e4glich mit der vollen Menge an Vitaminen und Mineralien, die es f\u00fcr den leichten Sport oder f\u00fcr die ersten Trainingseinheiten ben\u00f6tigt. Nat\u00fcrlich sorgf\u00e4ltig nach den neuesten wissenschaftlichen Erkenntnissen formuliert. Die vollst\u00e4ndigen Vitamine in Kombination mit dem hohen Anteil an leicht verdaulichen Ballaststoffen und dem reduzierten Zucker- und St\u00e4rkegehalt machen Pavo Condition zu einem hochwertigen und sicheren Pellet f\u00fcr Pferde und Ponys in der Pflege und im leichten Sport.<br \/>\n<\/span><\/p>\n<p><strong>Wesentliche Merkmale<\/strong><\/p>\n<p><span data-sheets-value=\"{\"1\":2,\"2\":\"\u2022 Volledige dagelijkse behoefte aan vitaminen en mineralen\\n\u2022 Met extra lijnzaad voor een mooie glans\\n\u2022 Verlaagd suiker- en zetmeelgehalte\\n\u2022 Havervrij\\n\u2022 Uitstekende prijs-kwaliteitsverhouding\\n\"}\" data-sheets-userformat=\"{\"2\":13185,\"3\":{\"1\":0},\"10\":0,\"11\":4,\"12\":0,\"15\":\"Poppins\",\"16\":10}\">&#8211; Kompletter Tagesbedarf an Vitaminen und Mineralien<br \/>\n&#8211; Mit extra Leinsamen f\u00fcr einen sch\u00f6nen Glanz<br \/>\n&#8211; Reduzierter Zucker- und St\u00e4rkegehalt<br \/>\n&#8211; Haferfrei<br \/>\n&#8211; Hervorragendes Preis-Leistungs-Verh\u00e4ltnis<br \/>\n<\/span><\/p>\n<p><strong>Anwendung<\/strong><\/p>\n<p><span data-sheets-value=\"{\"1\":2,\"2\":\"\u2022 Voor alle paarden en pony\u2019s in lichte arbeid, zoals basissport\\n\u2022 Paarden die weinig energie nodig hebben\\n\u2022 Paarden die snel heet worden van haver\\n\"}\" data-sheets-userformat=\"{\"2\":13185,\"3\":{\"1\":0},\"10\":0,\"11\":4,\"12\":0,\"15\":\"Poppins\",\"16\":10}\">  F\u00fcr alle Pferde und Ponys, die leicht arbeiten, wie z.B. f\u00fcr den einfachen Sport<br \/>\n&#8211; Pferde, die wenig Energie ben\u00f6tigen<br \/>\n&#8211; Pferde, die von Hafer schnell hei\u00df werden<br \/>\n<\/span><\/p>\n<p><strong>F\u00fctterungshinweise<\/strong><\/p>\n<p><span data-sheets-value=\"{\"1\":2,\"2\":\"De benodigde hoeveelheid Pavo Condition is afhankelijk van onder andere weidegang en arbeid.\\n\\nGeen tot lichte arbeid: 0,33 kg per 100 kg lichaamsgewicht. \\n 400 kg lichaamsgewicht: 1,3 kg \/ dag\\n 600 kg lichaamsgewicht: 2,0 kg \/ dag\\n\\nLichte arbeid: 0,42 kg \/ 100 kg lichaamsgewicht \\n400 kg lichaamsgewicht: 1,7 kg \/ dag\\n 600 kg lichaamsgewicht: 2,5 kg \/ dag\\n\"}\" data-sheets-userformat=\"{\"2\":13185,\"3\":{\"1\":0},\"10\":0,\"11\":4,\"12\":0,\"15\":\"Poppins\",\"16\":10}\">Die Menge an Pavo Condition, die ben\u00f6tigt wird, h\u00e4ngt unter anderem von der Beweidung und den Arbeitskr\u00e4ften ab.<\/span><\/p>\n<p>Nein zu leichter Arbeit:<\/p>\n<p><span data-sheets-value=\"{\"1\":2,\"2\":\"De benodigde hoeveelheid Pavo Condition is afhankelijk van onder andere weidegang en arbeid.\\n\\nGeen tot lichte arbeid: 0,33 kg per 100 kg lichaamsgewicht. \\n 400 kg lichaamsgewicht: 1,3 kg \/ dag\\n 600 kg lichaamsgewicht: 2,0 kg \/ dag\\n\\nLichte arbeid: 0,42 kg \/ 100 kg lichaamsgewicht \\n400 kg lichaamsgewicht: 1,7 kg \/ dag\\n 600 kg lichaamsgewicht: 2,5 kg \/ dag\\n\"}\" data-sheets-userformat=\"{\"2\":13185,\"3\":{\"1\":0},\"10\":0,\"11\":4,\"12\":0,\"15\":\"Poppins\",\"16\":10}\">&#8211; 0,33 kg pro 100 kg K\u00f6rpergewicht.<br \/>\n&#8211; 400<\/span><span style=\"font-size: 16px;\"> kg K\u00f6rpergewicht: 1,3 kg \/ Tag<br \/>\n<span data-sheets-value=\"{\"1\":2,\"2\":\"\u2022 Voor alle paarden en pony\u2019s in lichte arbeid, zoals basissport\\n\u2022 Paarden die weinig energie nodig hebben\\n\u2022 Paarden die snel heet worden van haver\\n\"}\" data-sheets-userformat=\"{\"2\":13185,\"3\":{\"1\":0},\"10\":0,\"11\":4,\"12\":0,\"15\":\"Poppins\",\"16\":10}\">&#8211; <\/span><\/span><span data-sheets-value=\"{\"1\":2,\"2\":\"De benodigde hoeveelheid Pavo Condition is afhankelijk van onder andere weidegang en arbeid.\\n\\nGeen tot lichte arbeid: 0,33 kg per 100 kg lichaamsgewicht. \\n 400 kg lichaamsgewicht: 1,3 kg \/ dag\\n 600 kg lichaamsgewicht: 2,0 kg \/ dag\\n\\nLichte arbeid: 0,42 kg \/ 100 kg lichaamsgewicht \\n400 kg lichaamsgewicht: 1,7 kg \/ dag\\n 600 kg lichaamsgewicht: 2,5 kg \/ dag\\n\"}\" data-sheets-userformat=\"{\"2\":13185,\"3\":{\"1\":0},\"10\":0,\"11\":4,\"12\":0,\"15\":\"Poppins\",\"16\":10}\">600 kg K\u00f6rpergewicht: 2,0 kg \/ Tag<\/span><\/p>\n<p>Leichte Arbeit:<\/p>\n<p><span data-sheets-value=\"{\"1\":2,\"2\":\"De benodigde hoeveelheid Pavo Condition is afhankelijk van onder andere weidegang en arbeid.\\n\\nGeen tot lichte arbeid: 0,33 kg per 100 kg lichaamsgewicht. \\n 400 kg lichaamsgewicht: 1,3 kg \/ dag\\n 600 kg lichaamsgewicht: 2,0 kg \/ dag\\n\\nLichte arbeid: 0,42 kg \/ 100 kg lichaamsgewicht \\n400 kg lichaamsgewicht: 1,7 kg \/ dag\\n 600 kg lichaamsgewicht: 2,5 kg \/ dag\\n\"}\" data-sheets-userformat=\"{\"2\":13185,\"3\":{\"1\":0},\"10\":0,\"11\":4,\"12\":0,\"15\":\"Poppins\",\"16\":10}\">&#8211; 0,42 kg \/ 100 kg K\u00f6rpergewicht<br \/>\n&#8211; 400 kg K\u00f6rpergewicht: 1,7 kg \/ Tag<br \/>\n&#8211; 600 kg K\u00f6rpergewicht: 2,5 kg \/ Tag<br \/>\n<\/span><\/p>\n<p><strong>Ratschl\u00e4ge zur Lagerung<\/strong><\/p>\n<p><span data-sheets-value=\"{\"1\":2,\"2\":\"Droog en donker bewaren, maximale houdbaarheid 3 maanden. Denk met name aan omloopsnelheid in de zomermaanden (april \u2013 september).\"}\" data-sheets-userformat=\"{\"2\":13185,\"3\":{\"1\":0},\"10\":0,\"11\":4,\"12\":0,\"15\":\"Poppins\",\"16\":10}\">Trocken und dunkel lagern, maximal 3 Monate haltbar. Beachten Sie insbesondere den Umsatz w\u00e4hrend der Sommermonate (April &#8211; September). <\/span><\/p>\n","protected":false},"excerpt":{"rendered":"<p><strong>Pflegepellet mit hoher Textur f\u00fcr leichte Arbeiten<\/strong><\/p>\n","protected":false},"featured_media":2162,"template":"","meta":{"inline_featured_image":false,"site-sidebar-layout":"default","site-content-layout":"default","ast-global-header-display":"","ast-main-header-display":"","ast-hfb-above-header-display":"","ast-hfb-below-header-display":"","ast-hfb-mobile-header-display":"","site-post-title":"","ast-breadcrumbs-content":"","ast-featured-img":"","footer-sml-layout":"","theme-transparent-header-meta":"default","adv-header-id-meta":"","stick-header-meta":"","header-above-stick-meta":"","header-main-stick-meta":"","header-below-stick-meta":""},"product_brand":[],"product_cat":[58],"product_tag":[],"class_list":{"0":"post-2291","1":"product","2":"type-product","3":"status-publish","4":"has-post-thumbnail","6":"product_cat-sport-de-2","7":"pa_hoeveelheid-47","8":"pa_hoeveelheid-48","9":"pa_hoeveelheid-49","10":"pa_hoeveelheid-50","11":"pa_hoeveelheid-51","12":"pa_silo-nummer-52","13":"pa_silo-nummer-53","14":"pa_silo-nummer-54","15":"pa_silo-nummer-55","16":"wcpa_has_options","18":"first","19":"instock","20":"shipping-taxable","21":"purchasable","22":"product-type-variable"},"_links":{"self":[{"href":"https:\/\/zwienenberg-n28.sitepilot.cloud\/de\/wp-json\/wp\/v2\/product\/2291","targetHints":{"allow":["GET"]}}],"collection":[{"href":"https:\/\/zwienenberg-n28.sitepilot.cloud\/de\/wp-json\/wp\/v2\/product"}],"about":[{"href":"https:\/\/zwienenberg-n28.sitepilot.cloud\/de\/wp-json\/wp\/v2\/types\/product"}],"wp:featuredmedia":[{"embeddable":true,"href":"https:\/\/zwienenberg-n28.sitepilot.cloud\/de\/wp-json\/wp\/v2\/media\/2162"}],"wp:attachment":[{"href":"https:\/\/zwienenberg-n28.sitepilot.cloud\/de\/wp-json\/wp\/v2\/media?parent=2291"}],"wp:term":[{"taxonomy":"product_brand","embeddable":true,"href":"https:\/\/zwienenberg-n28.sitepilot.cloud\/de\/wp-json\/wp\/v2\/product_brand?post=2291"},{"taxonomy":"product_cat","embeddable":true,"href":"https:\/\/zwienenberg-n28.sitepilot.cloud\/de\/wp-json\/wp\/v2\/product_cat?post=2291"},{"taxonomy":"product_tag","embeddable":true,"href":"https:\/\/zwienenberg-n28.sitepilot.cloud\/de\/wp-json\/wp\/v2\/product_tag?post=2291"}],"curies":[{"name":"wp","href":"https:\/\/api.w.org\/{rel}","templated":true}]}}